{"id":50113,"date":"2026-03-27T09:02:55","date_gmt":"2026-03-27T08:02:55","guid":{"rendered":"https:\/\/pro.blainebox.es\/?post_type=product&#038;p=50113"},"modified":"2026-04-15T23:36:58","modified_gmt":"2026-04-15T22:36:58","slug":"bouganville-singola-rigida-copia","status":"publish","type":"product","link":"https:\/\/www.pro.blainebox.es\/it\/producto\/bouganville-singola-rigida-copia\/","title":{"rendered":"Bouganville Singola Rigida"},"content":{"rendered":"","protected":false},"excerpt":{"rendered":"<p>Le dimensioni approssimative sono di 100 cm x 30 cm (con rami aperti)<\/p>\n","protected":false},"featured_media":51095,"template":"","meta":{"_acf_changed":false,"content-type":""},"product_brand":[],"product_cat":[477,463],"product_tag":[],"class_list":{"0":"post-50113","1":"product","2":"type-product","3":"status-publish","4":"has-post-thumbnail","6":"product_cat-coleccion-enredadera-buganvilla","7":"product_cat-packs-enredaderas","9":"first","10":"instock","11":"sale","12":"taxable","13":"shipping-taxable","14":"purchasable","15":"product-type-simple"},"acf":[],"jetpack-related-posts":[{"id":50276,"url":"https:\/\/www.pro.blainebox.es\/it\/producto\/vite-di-olivo-flessibile-copia\/","url_meta":{"origin":50113,"position":0},"title":"Vite di Olivo Flessibile","author":"user","date":"27\/03\/2026","format":false,"excerpt":"Le dimensioni approssimative sono di 100 cm x 30 cm (con rami aperti)","rel":"","context":"Articolo simile","block_context":{"text":"Articolo simile","link":""},"img":{"alt_text":"","src":"https:\/\/i0.wp.com\/www.pro.blainebox.es\/wp-content\/uploads\/2026\/03\/FLEXY-OLIVO.jpg?fit=1080%2C1080&ssl=1&resize=350%2C200","width":350,"height":200,"srcset":"https:\/\/i0.wp.com\/www.pro.blainebox.es\/wp-content\/uploads\/2026\/03\/FLEXY-OLIVO.jpg?fit=1080%2C1080&ssl=1&resize=350%2C200 1x, https:\/\/i0.wp.com\/www.pro.blainebox.es\/wp-content\/uploads\/2026\/03\/FLEXY-OLIVO.jpg?fit=1080%2C1080&ssl=1&resize=525%2C300 1.5x, https:\/\/i0.wp.com\/www.pro.blainebox.es\/wp-content\/uploads\/2026\/03\/FLEXY-OLIVO.jpg?fit=1080%2C1080&ssl=1&resize=700%2C400 2x, https:\/\/i0.wp.com\/www.pro.blainebox.es\/wp-content\/uploads\/2026\/03\/FLEXY-OLIVO.jpg?fit=1080%2C1080&ssl=1&resize=1050%2C600 3x"},"classes":[]},{"id":50278,"url":"https:\/\/www.pro.blainebox.es\/it\/producto\/rampicante-ficus-limone-flessibile-copia\/","url_meta":{"origin":50113,"position":1},"title":"Rampicante Ficus Limone Flessibile","author":"user","date":"27\/03\/2026","format":false,"excerpt":"Le dimensioni approssimative sono di 100 cm x 30 cm (con rami aperti)","rel":"","context":"Articolo simile","block_context":{"text":"Articolo simile","link":""},"img":{"alt_text":"","src":"https:\/\/i0.wp.com\/www.pro.blainebox.es\/wp-content\/uploads\/2026\/03\/FLEXY-FICUS-LIMONES.jpg?fit=1080%2C1080&ssl=1&resize=350%2C200","width":350,"height":200,"srcset":"https:\/\/i0.wp.com\/www.pro.blainebox.es\/wp-content\/uploads\/2026\/03\/FLEXY-FICUS-LIMONES.jpg?fit=1080%2C1080&ssl=1&resize=350%2C200 1x, https:\/\/i0.wp.com\/www.pro.blainebox.es\/wp-content\/uploads\/2026\/03\/FLEXY-FICUS-LIMONES.jpg?fit=1080%2C1080&ssl=1&resize=525%2C300 1.5x, https:\/\/i0.wp.com\/www.pro.blainebox.es\/wp-content\/uploads\/2026\/03\/FLEXY-FICUS-LIMONES.jpg?fit=1080%2C1080&ssl=1&resize=700%2C400 2x, https:\/\/i0.wp.com\/www.pro.blainebox.es\/wp-content\/uploads\/2026\/03\/FLEXY-FICUS-LIMONES.jpg?fit=1080%2C1080&ssl=1&resize=1050%2C600 3x"},"classes":[]},{"id":44044,"url":"https:\/\/www.pro.blainebox.es\/it\/producto\/mandorlo-bianco\/","url_meta":{"origin":50113,"position":2},"title":"Mandorlo bianco","author":"user","date":"30\/10\/2023","format":false,"excerpt":"Dai vita alla tua casa con la maestosit\u00e0 del mandorlo bianco artificiale. La nostra replica squisitamente dettagliata cattura con precisione l'essenza di questa splendida specie. I suoi rami accuratamente modellati e le sue foglie dall'aspetto realistico sono il complemento perfetto per qualsiasi spazio interno. *In alcuni casi, le immagini e\u2026","rel":"","context":"Articolo simile","block_context":{"text":"Articolo simile","link":""},"img":{"alt_text":"","src":"https:\/\/i0.wp.com\/www.pro.blainebox.es\/wp-content\/uploads\/2023\/10\/0053_1-Almendro-Foto1-NeutraBlanca-e1701351779809.webp?fit=730%2C1176&ssl=1&resize=350%2C200","width":350,"height":200,"srcset":"https:\/\/i0.wp.com\/www.pro.blainebox.es\/wp-content\/uploads\/2023\/10\/0053_1-Almendro-Foto1-NeutraBlanca-e1701351779809.webp?fit=730%2C1176&ssl=1&resize=350%2C200 1x, https:\/\/i0.wp.com\/www.pro.blainebox.es\/wp-content\/uploads\/2023\/10\/0053_1-Almendro-Foto1-NeutraBlanca-e1701351779809.webp?fit=730%2C1176&ssl=1&resize=525%2C300 1.5x, https:\/\/i0.wp.com\/www.pro.blainebox.es\/wp-content\/uploads\/2023\/10\/0053_1-Almendro-Foto1-NeutraBlanca-e1701351779809.webp?fit=730%2C1176&ssl=1&resize=700%2C400 2x"},"classes":[]},{"id":45170,"url":"https:\/\/www.pro.blainebox.es\/it\/producto\/yucca-fit\/","url_meta":{"origin":50113,"position":3},"title":"Yucca Fit","author":"user","date":"02\/11\/2023","format":false,"excerpt":"Appartiene alla famiglia delle Agavaceae ed \u00e8 originaria dell'isola del Madagascar, diventando oggi una delle piante pi\u00f9 comuni nell'arredamento d'interni. L'arredamento con le piante \u00e8 una necessit\u00e0 che ci connette con la natura, apportando innumerevoli benefici per le emozioni. MISURE Altezza 150 cm Larghezza 115 cm Altezza vaso 14 cm\u2026","rel":"","context":"Articolo simile","block_context":{"text":"Articolo simile","link":""},"img":{"alt_text":"","src":"https:\/\/i0.wp.com\/www.pro.blainebox.es\/wp-content\/uploads\/2023\/11\/wp-image51464768389446.png?fit=813%2C813&ssl=1&resize=350%2C200","width":350,"height":200,"srcset":"https:\/\/i0.wp.com\/www.pro.blainebox.es\/wp-content\/uploads\/2023\/11\/wp-image51464768389446.png?fit=813%2C813&ssl=1&resize=350%2C200 1x, https:\/\/i0.wp.com\/www.pro.blainebox.es\/wp-content\/uploads\/2023\/11\/wp-image51464768389446.png?fit=813%2C813&ssl=1&resize=525%2C300 1.5x, https:\/\/i0.wp.com\/www.pro.blainebox.es\/wp-content\/uploads\/2023\/11\/wp-image51464768389446.png?fit=813%2C813&ssl=1&resize=700%2C400 2x"},"classes":[]},{"id":44040,"url":"https:\/\/www.pro.blainebox.es\/it\/producto\/monstera\/","url_meta":{"origin":50113,"position":4},"title":"Monstera","author":"user","date":"30\/10\/2023","format":false,"excerpt":"Immergiti nella lussureggiante e affascinante foresta tropicale con la nostra Monstera Artificiale, un elemento decorativo straordinario che aggiunger\u00e0 un tocco di eleganza e natura al tuo spazio. Questa replica meticolosamente realizzata cattura l'essenza e la maestosit\u00e0 della Monstera reale, senza la necessit\u00e0 di preoccuparti delle cure e della manutenzione costanti.\u2026","rel":"","context":"Articolo simile","block_context":{"text":"Articolo simile","link":""},"img":{"alt_text":"","src":"https:\/\/i0.wp.com\/www.pro.blainebox.es\/wp-content\/uploads\/2023\/10\/0035_1-Monstera-Foto1-NeutraBlanca_V2-e1701352005345.webp?fit=959%2C1126&ssl=1&resize=350%2C200","width":350,"height":200,"srcset":"https:\/\/i0.wp.com\/www.pro.blainebox.es\/wp-content\/uploads\/2023\/10\/0035_1-Monstera-Foto1-NeutraBlanca_V2-e1701352005345.webp?fit=959%2C1126&ssl=1&resize=350%2C200 1x, https:\/\/i0.wp.com\/www.pro.blainebox.es\/wp-content\/uploads\/2023\/10\/0035_1-Monstera-Foto1-NeutraBlanca_V2-e1701352005345.webp?fit=959%2C1126&ssl=1&resize=525%2C300 1.5x, https:\/\/i0.wp.com\/www.pro.blainebox.es\/wp-content\/uploads\/2023\/10\/0035_1-Monstera-Foto1-NeutraBlanca_V2-e1701352005345.webp?fit=959%2C1126&ssl=1&resize=700%2C400 2x"},"classes":[]},{"id":45145,"url":"https:\/\/www.pro.blainebox.es\/it\/producto\/yucca\/","url_meta":{"origin":50113,"position":5},"title":"Yucca","author":"user","date":"02\/11\/2023","format":false,"excerpt":"\u00c8 una pianta arborea della famiglia delle Agavaceae, originaria dell'America Centrale. Nel suo habitat naturale pu\u00f2 raggiungere i 10 metri di altezza. La candidata ideale per dare un tocco di giungla alla tua casa, ma anche di sofisticazione grazie al portamento dei tronchi e alle sue foglie, riprodotte con una\u2026","rel":"","context":"Articolo simile","block_context":{"text":"Articolo simile","link":""},"img":{"alt_text":"","src":"https:\/\/i0.wp.com\/www.pro.blainebox.es\/wp-content\/uploads\/2024\/05\/0024_1-Yuca-Foto1-NeutraBlanco_V2.webp?fit=1200%2C1200&ssl=1&resize=350%2C200","width":350,"height":200,"srcset":"https:\/\/i0.wp.com\/www.pro.blainebox.es\/wp-content\/uploads\/2024\/05\/0024_1-Yuca-Foto1-NeutraBlanco_V2.webp?fit=1200%2C1200&ssl=1&resize=350%2C200 1x, https:\/\/i0.wp.com\/www.pro.blainebox.es\/wp-content\/uploads\/2024\/05\/0024_1-Yuca-Foto1-NeutraBlanco_V2.webp?fit=1200%2C1200&ssl=1&resize=525%2C300 1.5x, https:\/\/i0.wp.com\/www.pro.blainebox.es\/wp-content\/uploads\/2024\/05\/0024_1-Yuca-Foto1-NeutraBlanco_V2.webp?fit=1200%2C1200&ssl=1&resize=700%2C400 2x, https:\/\/i0.wp.com\/www.pro.blainebox.es\/wp-content\/uploads\/2024\/05\/0024_1-Yuca-Foto1-NeutraBlanco_V2.webp?fit=1200%2C1200&ssl=1&resize=1050%2C600 3x"},"classes":[]}],"jetpack_sharing_enabled":true,"_links":{"self":[{"href":"https:\/\/www.pro.blainebox.es\/it\/wp-json\/wp\/v2\/product\/50113","targetHints":{"allow":["GET"]}}],"collection":[{"href":"https:\/\/www.pro.blainebox.es\/it\/wp-json\/wp\/v2\/product"}],"about":[{"href":"https:\/\/www.pro.blainebox.es\/it\/wp-json\/wp\/v2\/types\/product"}],"wp:featuredmedia":[{"embeddable":true,"href":"https:\/\/www.pro.blainebox.es\/it\/wp-json\/wp\/v2\/media\/51095"}],"wp:attachment":[{"href":"https:\/\/www.pro.blainebox.es\/it\/wp-json\/wp\/v2\/media?parent=50113"}],"wp:term":[{"taxonomy":"product_brand","embeddable":true,"href":"https:\/\/www.pro.blainebox.es\/it\/wp-json\/wp\/v2\/product_brand?post=50113"},{"taxonomy":"product_cat","embeddable":true,"href":"https:\/\/www.pro.blainebox.es\/it\/wp-json\/wp\/v2\/product_cat?post=50113"},{"taxonomy":"product_tag","embeddable":true,"href":"https:\/\/www.pro.blainebox.es\/it\/wp-json\/wp\/v2\/product_tag?post=50113"}],"curies":[{"name":"wp","href":"https:\/\/api.w.org\/{rel}","templated":true}]}}