{"id":49667,"date":"2026-03-24T11:59:09","date_gmt":"2026-03-24T10:59:09","guid":{"rendered":"https:\/\/pro.blainebox.es\/?post_type=product&#038;p=49667"},"modified":"2026-04-15T23:37:36","modified_gmt":"2026-04-15T22:37:36","slug":"rampicante-di-buganvillea-flessibile-2","status":"publish","type":"product","link":"https:\/\/www.pro.blainebox.es\/it\/producto\/rampicante-di-buganvillea-flessibile-2\/","title":{"rendered":"Rampicante di buganvillea flessibile"},"content":{"rendered":"","protected":false},"excerpt":{"rendered":"<p>Le dimensioni approssimative sono di 100 cm x 30 cm (con rami aperti)<\/p>\n","protected":false},"featured_media":51151,"template":"","meta":{"_acf_changed":false,"content-type":""},"product_brand":[],"product_cat":[477,463,488],"product_tag":[],"class_list":{"0":"post-49667","1":"product","2":"type-product","3":"status-publish","4":"has-post-thumbnail","6":"product_cat-coleccion-enredadera-buganvilla","7":"product_cat-packs-enredaderas","8":"product_cat-sin-categoria","10":"first","11":"instock","12":"sale","13":"taxable","14":"shipping-taxable","15":"purchasable","16":"product-type-simple"},"acf":[],"jetpack-related-posts":[{"id":50278,"url":"https:\/\/www.pro.blainebox.es\/it\/producto\/rampicante-ficus-limone-flessibile-copia\/","url_meta":{"origin":49667,"position":0},"title":"Rampicante Ficus Limone Flessibile","author":"user","date":"27\/03\/2026","format":false,"excerpt":"Le dimensioni approssimative sono di 100 cm x 30 cm (con rami aperti)","rel":"","context":"Articolo simile","block_context":{"text":"Articolo simile","link":""},"img":{"alt_text":"","src":"https:\/\/i0.wp.com\/www.pro.blainebox.es\/wp-content\/uploads\/2026\/03\/FLEXY-FICUS-LIMONES.jpg?fit=1080%2C1080&ssl=1&resize=350%2C200","width":350,"height":200,"srcset":"https:\/\/i0.wp.com\/www.pro.blainebox.es\/wp-content\/uploads\/2026\/03\/FLEXY-FICUS-LIMONES.jpg?fit=1080%2C1080&ssl=1&resize=350%2C200 1x, https:\/\/i0.wp.com\/www.pro.blainebox.es\/wp-content\/uploads\/2026\/03\/FLEXY-FICUS-LIMONES.jpg?fit=1080%2C1080&ssl=1&resize=525%2C300 1.5x, https:\/\/i0.wp.com\/www.pro.blainebox.es\/wp-content\/uploads\/2026\/03\/FLEXY-FICUS-LIMONES.jpg?fit=1080%2C1080&ssl=1&resize=700%2C400 2x, https:\/\/i0.wp.com\/www.pro.blainebox.es\/wp-content\/uploads\/2026\/03\/FLEXY-FICUS-LIMONES.jpg?fit=1080%2C1080&ssl=1&resize=1050%2C600 3x"},"classes":[]},{"id":50276,"url":"https:\/\/www.pro.blainebox.es\/it\/producto\/vite-di-olivo-flessibile-copia\/","url_meta":{"origin":49667,"position":1},"title":"Vite di Olivo Flessibile","author":"user","date":"27\/03\/2026","format":false,"excerpt":"Le dimensioni approssimative sono di 100 cm x 30 cm (con rami aperti)","rel":"","context":"Articolo simile","block_context":{"text":"Articolo simile","link":""},"img":{"alt_text":"","src":"https:\/\/i0.wp.com\/www.pro.blainebox.es\/wp-content\/uploads\/2026\/03\/FLEXY-OLIVO.jpg?fit=1080%2C1080&ssl=1&resize=350%2C200","width":350,"height":200,"srcset":"https:\/\/i0.wp.com\/www.pro.blainebox.es\/wp-content\/uploads\/2026\/03\/FLEXY-OLIVO.jpg?fit=1080%2C1080&ssl=1&resize=350%2C200 1x, https:\/\/i0.wp.com\/www.pro.blainebox.es\/wp-content\/uploads\/2026\/03\/FLEXY-OLIVO.jpg?fit=1080%2C1080&ssl=1&resize=525%2C300 1.5x, https:\/\/i0.wp.com\/www.pro.blainebox.es\/wp-content\/uploads\/2026\/03\/FLEXY-OLIVO.jpg?fit=1080%2C1080&ssl=1&resize=700%2C400 2x, https:\/\/i0.wp.com\/www.pro.blainebox.es\/wp-content\/uploads\/2026\/03\/FLEXY-OLIVO.jpg?fit=1080%2C1080&ssl=1&resize=1050%2C600 3x"},"classes":[]},{"id":44044,"url":"https:\/\/www.pro.blainebox.es\/it\/producto\/mandorlo-bianco\/","url_meta":{"origin":49667,"position":2},"title":"Mandorlo bianco","author":"user","date":"30\/10\/2023","format":false,"excerpt":"Dai vita alla tua casa con la maestosit\u00e0 del mandorlo bianco artificiale. La nostra replica squisitamente dettagliata cattura con precisione l'essenza di questa splendida specie. I suoi rami accuratamente modellati e le sue foglie dall'aspetto realistico sono il complemento perfetto per qualsiasi spazio interno. *In alcuni casi, le immagini e\u2026","rel":"","context":"Articolo simile","block_context":{"text":"Articolo simile","link":""},"img":{"alt_text":"","src":"https:\/\/i0.wp.com\/www.pro.blainebox.es\/wp-content\/uploads\/2023\/10\/0053_1-Almendro-Foto1-NeutraBlanca-e1701351779809.webp?fit=730%2C1176&ssl=1&resize=350%2C200","width":350,"height":200,"srcset":"https:\/\/i0.wp.com\/www.pro.blainebox.es\/wp-content\/uploads\/2023\/10\/0053_1-Almendro-Foto1-NeutraBlanca-e1701351779809.webp?fit=730%2C1176&ssl=1&resize=350%2C200 1x, https:\/\/i0.wp.com\/www.pro.blainebox.es\/wp-content\/uploads\/2023\/10\/0053_1-Almendro-Foto1-NeutraBlanca-e1701351779809.webp?fit=730%2C1176&ssl=1&resize=525%2C300 1.5x, https:\/\/i0.wp.com\/www.pro.blainebox.es\/wp-content\/uploads\/2023\/10\/0053_1-Almendro-Foto1-NeutraBlanca-e1701351779809.webp?fit=730%2C1176&ssl=1&resize=700%2C400 2x"},"classes":[]},{"id":51560,"url":"https:\/\/www.pro.blainebox.es\/it\/producto\/ficus-buganvillea-selvatica-150-cm-180-cm\/","url_meta":{"origin":49667,"position":3},"title":"Ficus Buganvillea Selvatica 150 cm &#8211; 180 cm","author":"user","date":"31\/03\/2026","format":false,"excerpt":"","rel":"","context":"Articolo simile","block_context":{"text":"Articolo simile","link":""},"img":{"alt_text":"","src":"https:\/\/i0.wp.com\/www.pro.blainebox.es\/wp-content\/uploads\/2026\/03\/FICUSBUGANVILLADESMONTABLE-FONDOBLANCO.jpg?fit=1080%2C1080&ssl=1&resize=350%2C200","width":350,"height":200,"srcset":"https:\/\/i0.wp.com\/www.pro.blainebox.es\/wp-content\/uploads\/2026\/03\/FICUSBUGANVILLADESMONTABLE-FONDOBLANCO.jpg?fit=1080%2C1080&ssl=1&resize=350%2C200 1x, https:\/\/i0.wp.com\/www.pro.blainebox.es\/wp-content\/uploads\/2026\/03\/FICUSBUGANVILLADESMONTABLE-FONDOBLANCO.jpg?fit=1080%2C1080&ssl=1&resize=525%2C300 1.5x, https:\/\/i0.wp.com\/www.pro.blainebox.es\/wp-content\/uploads\/2026\/03\/FICUSBUGANVILLADESMONTABLE-FONDOBLANCO.jpg?fit=1080%2C1080&ssl=1&resize=700%2C400 2x, https:\/\/i0.wp.com\/www.pro.blainebox.es\/wp-content\/uploads\/2026\/03\/FICUSBUGANVILLADESMONTABLE-FONDOBLANCO.jpg?fit=1080%2C1080&ssl=1&resize=1050%2C600 3x"},"classes":[]},{"id":45170,"url":"https:\/\/www.pro.blainebox.es\/it\/producto\/yucca-fit\/","url_meta":{"origin":49667,"position":4},"title":"Yucca Fit","author":"user","date":"02\/11\/2023","format":false,"excerpt":"Appartiene alla famiglia delle Agavaceae ed \u00e8 originaria dell'isola del Madagascar, diventando oggi una delle piante pi\u00f9 comuni nell'arredamento d'interni. L'arredamento con le piante \u00e8 una necessit\u00e0 che ci connette con la natura, apportando innumerevoli benefici per le emozioni. MISURE Altezza 150 cm Larghezza 115 cm Altezza vaso 14 cm\u2026","rel":"","context":"Articolo simile","block_context":{"text":"Articolo simile","link":""},"img":{"alt_text":"","src":"https:\/\/i0.wp.com\/www.pro.blainebox.es\/wp-content\/uploads\/2023\/11\/wp-image51464768389446.png?fit=813%2C813&ssl=1&resize=350%2C200","width":350,"height":200,"srcset":"https:\/\/i0.wp.com\/www.pro.blainebox.es\/wp-content\/uploads\/2023\/11\/wp-image51464768389446.png?fit=813%2C813&ssl=1&resize=350%2C200 1x, https:\/\/i0.wp.com\/www.pro.blainebox.es\/wp-content\/uploads\/2023\/11\/wp-image51464768389446.png?fit=813%2C813&ssl=1&resize=525%2C300 1.5x, https:\/\/i0.wp.com\/www.pro.blainebox.es\/wp-content\/uploads\/2023\/11\/wp-image51464768389446.png?fit=813%2C813&ssl=1&resize=700%2C400 2x"},"classes":[]},{"id":44040,"url":"https:\/\/www.pro.blainebox.es\/it\/producto\/monstera\/","url_meta":{"origin":49667,"position":5},"title":"Monstera","author":"user","date":"30\/10\/2023","format":false,"excerpt":"Immergiti nella lussureggiante e affascinante foresta tropicale con la nostra Monstera Artificiale, un elemento decorativo straordinario che aggiunger\u00e0 un tocco di eleganza e natura al tuo spazio. Questa replica meticolosamente realizzata cattura l'essenza e la maestosit\u00e0 della Monstera reale, senza la necessit\u00e0 di preoccuparti delle cure e della manutenzione costanti.\u2026","rel":"","context":"Articolo simile","block_context":{"text":"Articolo simile","link":""},"img":{"alt_text":"","src":"https:\/\/i0.wp.com\/www.pro.blainebox.es\/wp-content\/uploads\/2023\/10\/0035_1-Monstera-Foto1-NeutraBlanca_V2-e1701352005345.webp?fit=959%2C1126&ssl=1&resize=350%2C200","width":350,"height":200,"srcset":"https:\/\/i0.wp.com\/www.pro.blainebox.es\/wp-content\/uploads\/2023\/10\/0035_1-Monstera-Foto1-NeutraBlanca_V2-e1701352005345.webp?fit=959%2C1126&ssl=1&resize=350%2C200 1x, https:\/\/i0.wp.com\/www.pro.blainebox.es\/wp-content\/uploads\/2023\/10\/0035_1-Monstera-Foto1-NeutraBlanca_V2-e1701352005345.webp?fit=959%2C1126&ssl=1&resize=525%2C300 1.5x, https:\/\/i0.wp.com\/www.pro.blainebox.es\/wp-content\/uploads\/2023\/10\/0035_1-Monstera-Foto1-NeutraBlanca_V2-e1701352005345.webp?fit=959%2C1126&ssl=1&resize=700%2C400 2x"},"classes":[]}],"jetpack_sharing_enabled":true,"_links":{"self":[{"href":"https:\/\/www.pro.blainebox.es\/it\/wp-json\/wp\/v2\/product\/49667","targetHints":{"allow":["GET"]}}],"collection":[{"href":"https:\/\/www.pro.blainebox.es\/it\/wp-json\/wp\/v2\/product"}],"about":[{"href":"https:\/\/www.pro.blainebox.es\/it\/wp-json\/wp\/v2\/types\/product"}],"wp:featuredmedia":[{"embeddable":true,"href":"https:\/\/www.pro.blainebox.es\/it\/wp-json\/wp\/v2\/media\/51151"}],"wp:attachment":[{"href":"https:\/\/www.pro.blainebox.es\/it\/wp-json\/wp\/v2\/media?parent=49667"}],"wp:term":[{"taxonomy":"product_brand","embeddable":true,"href":"https:\/\/www.pro.blainebox.es\/it\/wp-json\/wp\/v2\/product_brand?post=49667"},{"taxonomy":"product_cat","embeddable":true,"href":"https:\/\/www.pro.blainebox.es\/it\/wp-json\/wp\/v2\/product_cat?post=49667"},{"taxonomy":"product_tag","embeddable":true,"href":"https:\/\/www.pro.blainebox.es\/it\/wp-json\/wp\/v2\/product_tag?post=49667"}],"curies":[{"name":"wp","href":"https:\/\/api.w.org\/{rel}","templated":true}]}}