{"id":45417,"date":"2023-11-29T23:27:14","date_gmt":"2023-11-29T22:27:14","guid":{"rendered":"https:\/\/pro.blainebox.es\/producto\/dracena-120cm-147cm\/"},"modified":"2023-11-29T23:27:14","modified_gmt":"2023-11-29T22:27:14","slug":"dracena-120cm-147cm","status":"publish","type":"product","link":"https:\/\/www.pro.blainebox.es\/it\/producto\/dracena-120cm-147cm\/","title":{"rendered":"Dracena 120cm &#8211; 147cm"},"content":{"rendered":"","protected":false},"excerpt":{"rendered":"","protected":false},"featured_media":23762,"template":"","meta":{"_acf_changed":false,"content-type":""},"product_brand":[],"product_cat":[450,455,446,473,461,459],"product_tag":[],"class_list":{"0":"post-45417","1":"product","2":"type-product","3":"status-publish","4":"has-post-thumbnail","6":"product_cat-arboles-y-plantas-grandes","7":"product_cat-catalogo","8":"product_cat-entre-100-y-150cm","9":"product_cat-packs-planta-dracena","10":"product_cat-packs-plantas","11":"product_cat-packs-plantas-artificiales-y-preservadas","13":"first","14":"instock","15":"sale","16":"taxable","17":"shipping-taxable","18":"purchasable","19":"product-type-variable"},"acf":[],"jetpack-related-posts":[{"id":17343,"url":"https:\/\/www.pro.blainebox.es\/producto\/p-6521401\/","url_meta":{"origin":45417,"position":0},"title":"Dracena 120cm &#8211; 147cm","author":"user","date":"29\/11\/2023","format":false,"excerpt":"","rel":"","context":"Articolo simile","block_context":{"text":"Articolo simile","link":""},"img":{"alt_text":"","src":"https:\/\/i0.wp.com\/www.pro.blainebox.es\/wp-content\/uploads\/2023\/11\/MACETADRACAENA147CMVERDEFotoProducto.webp?fit=600%2C600&ssl=1&resize=350%2C200","width":350,"height":200,"srcset":"https:\/\/i0.wp.com\/www.pro.blainebox.es\/wp-content\/uploads\/2023\/11\/MACETADRACAENA147CMVERDEFotoProducto.webp?fit=600%2C600&ssl=1&resize=350%2C200 1x, https:\/\/i0.wp.com\/www.pro.blainebox.es\/wp-content\/uploads\/2023\/11\/MACETADRACAENA147CMVERDEFotoProducto.webp?fit=600%2C600&ssl=1&resize=525%2C300 1.5x"},"classes":[]},{"id":50853,"url":"https:\/\/www.pro.blainebox.es\/it\/producto\/dracena-roja-120cm\/","url_meta":{"origin":45417,"position":1},"title":"Dracena Roja 120cm","author":"user","date":"31\/03\/2026","format":false,"excerpt":"","rel":"","context":"Articolo simile","block_context":{"text":"Articolo simile","link":""},"img":{"alt_text":"","src":"https:\/\/i0.wp.com\/www.pro.blainebox.es\/wp-content\/uploads\/2026\/03\/CORDYLINEPLANT-120-FONDOBLANCO.jpg?fit=1000%2C1000&ssl=1&resize=350%2C200","width":350,"height":200,"srcset":"https:\/\/i0.wp.com\/www.pro.blainebox.es\/wp-content\/uploads\/2026\/03\/CORDYLINEPLANT-120-FONDOBLANCO.jpg?fit=1000%2C1000&ssl=1&resize=350%2C200 1x, https:\/\/i0.wp.com\/www.pro.blainebox.es\/wp-content\/uploads\/2026\/03\/CORDYLINEPLANT-120-FONDOBLANCO.jpg?fit=1000%2C1000&ssl=1&resize=525%2C300 1.5x, https:\/\/i0.wp.com\/www.pro.blainebox.es\/wp-content\/uploads\/2026\/03\/CORDYLINEPLANT-120-FONDOBLANCO.jpg?fit=1000%2C1000&ssl=1&resize=700%2C400 2x"},"classes":[]},{"id":14648,"url":"https:\/\/www.pro.blainebox.es\/it\/producto\/b093tg\/","url_meta":{"origin":45417,"position":2},"title":"DRACENA ARTIFICIAL 120CM","author":"user","date":"29\/11\/2023","format":false,"excerpt":"Altura cm: 120","rel":"","context":"Articolo simile","block_context":{"text":"Articolo simile","link":""},"img":{"alt_text":"","src":"https:\/\/i0.wp.com\/www.pro.blainebox.es\/wp-content\/uploads\/2023\/11\/product_template_32669-1.jpeg?fit=200%2C300&ssl=1&resize=350%2C200","width":350,"height":200},"classes":[]},{"id":7836,"url":"https:\/\/www.pro.blainebox.es\/it\/producto\/dracena-oriental-120cm\/","url_meta":{"origin":45417,"position":3},"title":"Dr\u00e1cena Oriental","author":"user","date":"02\/11\/2023","format":false,"excerpt":"Esta impresionante planta artificial de Dr\u00e1cena Oriental de 120 cm es una representaci\u00f3n exquisita de la belleza y elegancia de la Dracena Oriental, una planta de hojas largas y estrechas que agrega un toque de frescura y serenidad a cualquier espacio interior. Con su altura de 120 cm, esta r\u00e9plica\u2026","rel":"","context":"Articolo simile","block_context":{"text":"Articolo simile","link":""},"img":{"alt_text":"","src":"https:\/\/i0.wp.com\/www.pro.blainebox.es\/wp-content\/uploads\/2023\/11\/wp-image52493638172998.png?fit=1200%2C1200&ssl=1&resize=350%2C200","width":350,"height":200,"srcset":"https:\/\/i0.wp.com\/www.pro.blainebox.es\/wp-content\/uploads\/2023\/11\/wp-image52493638172998.png?fit=1200%2C1200&ssl=1&resize=350%2C200 1x, https:\/\/i0.wp.com\/www.pro.blainebox.es\/wp-content\/uploads\/2023\/11\/wp-image52493638172998.png?fit=1200%2C1200&ssl=1&resize=525%2C300 1.5x, https:\/\/i0.wp.com\/www.pro.blainebox.es\/wp-content\/uploads\/2023\/11\/wp-image52493638172998.png?fit=1200%2C1200&ssl=1&resize=700%2C400 2x, https:\/\/i0.wp.com\/www.pro.blainebox.es\/wp-content\/uploads\/2023\/11\/wp-image52493638172998.png?fit=1200%2C1200&ssl=1&resize=1050%2C600 3x"},"classes":[]},{"id":7843,"url":"https:\/\/www.pro.blainebox.es\/it\/producto\/dracena-verde\/","url_meta":{"origin":45417,"position":4},"title":"Dracena Verde","author":"user","date":"02\/11\/2023","format":false,"excerpt":"Descubre la elegancia y el encanto tropical de nuestra Dracena Verde Variegata Artificial. Esta impresionante r\u00e9plica ha sido cuidadosamente dise\u00f1ada para capturar la belleza \u00fanica de la Dracena Variegata real, sin la necesidad de preocuparte por los cuidados y mantenimiento constantes. Cada hoja de nuestra Dracena Verde Variegata Artificial es\u2026","rel":"","context":"Articolo simile","block_context":{"text":"Articolo simile","link":""},"img":{"alt_text":"","src":"https:\/\/i0.wp.com\/www.pro.blainebox.es\/wp-content\/uploads\/2023\/11\/wp-image51465009987910.png?fit=1200%2C1200&ssl=1&resize=350%2C200","width":350,"height":200,"srcset":"https:\/\/i0.wp.com\/www.pro.blainebox.es\/wp-content\/uploads\/2023\/11\/wp-image51465009987910.png?fit=1200%2C1200&ssl=1&resize=350%2C200 1x, https:\/\/i0.wp.com\/www.pro.blainebox.es\/wp-content\/uploads\/2023\/11\/wp-image51465009987910.png?fit=1200%2C1200&ssl=1&resize=525%2C300 1.5x, https:\/\/i0.wp.com\/www.pro.blainebox.es\/wp-content\/uploads\/2023\/11\/wp-image51465009987910.png?fit=1200%2C1200&ssl=1&resize=700%2C400 2x, https:\/\/i0.wp.com\/www.pro.blainebox.es\/wp-content\/uploads\/2023\/11\/wp-image51465009987910.png?fit=1200%2C1200&ssl=1&resize=1050%2C600 3x"},"classes":[]},{"id":7825,"url":"https:\/\/www.pro.blainebox.es\/it\/producto\/dracena-1\/","url_meta":{"origin":45417,"position":5},"title":"Dracena","author":"user","date":"02\/11\/2023","format":false,"excerpt":"Eleva el encanto natural de tu hogar con nuestra Dracena Artificial de alta calidad. Esta r\u00e9plica cuidadosamente elaborada captura la esencia y la belleza de la Dracena real sin la necesidad de preocuparte por los cuidados y mantenimiento constantes. Cada hoja de nuestra Dracena Artificial ha sido meticulosamente dise\u00f1ada para\u2026","rel":"","context":"Articolo simile","block_context":{"text":"Articolo simile","link":""},"img":{"alt_text":"","src":"https:\/\/i0.wp.com\/www.pro.blainebox.es\/wp-content\/uploads\/2023\/11\/wp-image51461078253894.png?fit=1200%2C1200&ssl=1&resize=350%2C200","width":350,"height":200,"srcset":"https:\/\/i0.wp.com\/www.pro.blainebox.es\/wp-content\/uploads\/2023\/11\/wp-image51461078253894.png?fit=1200%2C1200&ssl=1&resize=350%2C200 1x, https:\/\/i0.wp.com\/www.pro.blainebox.es\/wp-content\/uploads\/2023\/11\/wp-image51461078253894.png?fit=1200%2C1200&ssl=1&resize=525%2C300 1.5x, https:\/\/i0.wp.com\/www.pro.blainebox.es\/wp-content\/uploads\/2023\/11\/wp-image51461078253894.png?fit=1200%2C1200&ssl=1&resize=700%2C400 2x, https:\/\/i0.wp.com\/www.pro.blainebox.es\/wp-content\/uploads\/2023\/11\/wp-image51461078253894.png?fit=1200%2C1200&ssl=1&resize=1050%2C600 3x"},"classes":[]}],"jetpack_sharing_enabled":true,"_links":{"self":[{"href":"https:\/\/www.pro.blainebox.es\/it\/wp-json\/wp\/v2\/product\/45417","targetHints":{"allow":["GET"]}}],"collection":[{"href":"https:\/\/www.pro.blainebox.es\/it\/wp-json\/wp\/v2\/product"}],"about":[{"href":"https:\/\/www.pro.blainebox.es\/it\/wp-json\/wp\/v2\/types\/product"}],"wp:featuredmedia":[{"embeddable":true,"href":"https:\/\/www.pro.blainebox.es\/it\/wp-json\/wp\/v2\/media\/23762"}],"wp:attachment":[{"href":"https:\/\/www.pro.blainebox.es\/it\/wp-json\/wp\/v2\/media?parent=45417"}],"wp:term":[{"taxonomy":"product_brand","embeddable":true,"href":"https:\/\/www.pro.blainebox.es\/it\/wp-json\/wp\/v2\/product_brand?post=45417"},{"taxonomy":"product_cat","embeddable":true,"href":"https:\/\/www.pro.blainebox.es\/it\/wp-json\/wp\/v2\/product_cat?post=45417"},{"taxonomy":"product_tag","embeddable":true,"href":"https:\/\/www.pro.blainebox.es\/it\/wp-json\/wp\/v2\/product_tag?post=45417"}],"curies":[{"name":"wp","href":"https:\/\/api.w.org\/{rel}","templated":true}]}}