{"id":45214,"date":"2023-11-29T23:12:52","date_gmt":"2023-11-29T22:12:52","guid":{"rendered":"https:\/\/pro.blainebox.es\/producto\/siepe-tuya-90-cm\/"},"modified":"2023-11-29T23:12:52","modified_gmt":"2023-11-29T22:12:52","slug":"siepe-tuya-90-cm","status":"publish","type":"product","link":"https:\/\/www.pro.blainebox.es\/it\/producto\/siepe-tuya-90-cm\/","title":{"rendered":"Siepe Tuya 90 cm"},"content":{"rendered":"<p>Altezza cm: 75<\/p>\n","protected":false},"excerpt":{"rendered":"<p>Altezza cm: 75<\/p>\n","protected":false},"featured_media":21030,"template":"","meta":{"_acf_changed":false,"content-type":""},"product_brand":[],"product_cat":[455,447,461,459,475,454],"product_tag":[],"class_list":{"0":"post-45214","1":"product","2":"type-product","3":"status-publish","4":"has-post-thumbnail","6":"product_cat-catalogo","7":"product_cat-entre-60cm-y-100cm","8":"product_cat-packs-plantas","9":"product_cat-packs-plantas-artificiales-y-preservadas","10":"product_cat-packs-plantas-setos","11":"product_cat-plantas-pequenas","13":"first","14":"outofstock","15":"sale","16":"taxable","17":"shipping-taxable","18":"purchasable","19":"product-type-simple"},"acf":[],"jetpack-related-posts":[{"id":45208,"url":"https:\/\/www.pro.blainebox.es\/it\/producto\/siepe-tuya-75-cm\/","url_meta":{"origin":45214,"position":0},"title":"Siepe Tuya 75 cm","author":"user","date":"29\/11\/2023","format":false,"excerpt":"Altezza cm: 75","rel":"","context":"Articolo simile","block_context":{"text":"Articolo simile","link":""},"img":{"alt_text":"","src":"https:\/\/i0.wp.com\/www.pro.blainebox.es\/wp-content\/uploads\/2024\/05\/SETOTUYAARTIFICIAL75cmFProducto.webp?fit=1000%2C1000&ssl=1&resize=350%2C200","width":350,"height":200,"srcset":"https:\/\/i0.wp.com\/www.pro.blainebox.es\/wp-content\/uploads\/2024\/05\/SETOTUYAARTIFICIAL75cmFProducto.webp?fit=1000%2C1000&ssl=1&resize=350%2C200 1x, https:\/\/i0.wp.com\/www.pro.blainebox.es\/wp-content\/uploads\/2024\/05\/SETOTUYAARTIFICIAL75cmFProducto.webp?fit=1000%2C1000&ssl=1&resize=525%2C300 1.5x, https:\/\/i0.wp.com\/www.pro.blainebox.es\/wp-content\/uploads\/2024\/05\/SETOTUYAARTIFICIAL75cmFProducto.webp?fit=1000%2C1000&ssl=1&resize=700%2C400 2x"},"classes":[]},{"id":45207,"url":"https:\/\/www.pro.blainebox.es\/it\/producto\/siepe-a-spirale-150-cm\/","url_meta":{"origin":45214,"position":1},"title":"Siepe a spirale 150 cm","author":"user","date":"29\/11\/2023","format":false,"excerpt":"Altezza cm: 150","rel":"","context":"Articolo simile","block_context":{"text":"Articolo simile","link":""},"img":{"alt_text":"","src":"https:\/\/i0.wp.com\/www.pro.blainebox.es\/wp-content\/uploads\/2024\/06\/Seto-Espiral.png?fit=1000%2C1000&ssl=1&resize=350%2C200","width":350,"height":200,"srcset":"https:\/\/i0.wp.com\/www.pro.blainebox.es\/wp-content\/uploads\/2024\/06\/Seto-Espiral.png?fit=1000%2C1000&ssl=1&resize=350%2C200 1x, https:\/\/i0.wp.com\/www.pro.blainebox.es\/wp-content\/uploads\/2024\/06\/Seto-Espiral.png?fit=1000%2C1000&ssl=1&resize=525%2C300 1.5x, https:\/\/i0.wp.com\/www.pro.blainebox.es\/wp-content\/uploads\/2024\/06\/Seto-Espiral.png?fit=1000%2C1000&ssl=1&resize=700%2C400 2x"},"classes":[]},{"id":45204,"url":"https:\/\/www.pro.blainebox.es\/it\/producto\/siepe-di-cipresso-tuya-150-cm\/","url_meta":{"origin":45214,"position":2},"title":"Siepe di cipresso Tuya 150 CM","author":"user","date":"29\/11\/2023","format":false,"excerpt":"Altezza cm: 150","rel":"","context":"Articolo simile","block_context":{"text":"Articolo simile","link":""},"img":{"alt_text":"","src":"https:\/\/i0.wp.com\/www.pro.blainebox.es\/wp-content\/uploads\/2024\/06\/Seto-Cipres.png?fit=1000%2C1000&ssl=1&resize=350%2C200","width":350,"height":200,"srcset":"https:\/\/i0.wp.com\/www.pro.blainebox.es\/wp-content\/uploads\/2024\/06\/Seto-Cipres.png?fit=1000%2C1000&ssl=1&resize=350%2C200 1x, https:\/\/i0.wp.com\/www.pro.blainebox.es\/wp-content\/uploads\/2024\/06\/Seto-Cipres.png?fit=1000%2C1000&ssl=1&resize=525%2C300 1.5x, https:\/\/i0.wp.com\/www.pro.blainebox.es\/wp-content\/uploads\/2024\/06\/Seto-Cipres.png?fit=1000%2C1000&ssl=1&resize=700%2C400 2x"},"classes":[]},{"id":45414,"url":"https:\/\/www.pro.blainebox.es\/it\/producto\/dracaena-artificiale-175-cm\/","url_meta":{"origin":45214,"position":3},"title":"Dracaena artificiale 175 cm","author":"user","date":"29\/11\/2023","format":false,"excerpt":"Altezza cm: 175","rel":"","context":"Articolo simile","block_context":{"text":"Articolo simile","link":""},"img":{"alt_text":"","src":"https:\/\/i0.wp.com\/www.pro.blainebox.es\/wp-content\/uploads\/2024\/05\/DRACENAARTIFICIALCONMACETA175cmFProducto.webp?fit=1000%2C1000&ssl=1&resize=350%2C200","width":350,"height":200,"srcset":"https:\/\/i0.wp.com\/www.pro.blainebox.es\/wp-content\/uploads\/2024\/05\/DRACENAARTIFICIALCONMACETA175cmFProducto.webp?fit=1000%2C1000&ssl=1&resize=350%2C200 1x, https:\/\/i0.wp.com\/www.pro.blainebox.es\/wp-content\/uploads\/2024\/05\/DRACENAARTIFICIALCONMACETA175cmFProducto.webp?fit=1000%2C1000&ssl=1&resize=525%2C300 1.5x, https:\/\/i0.wp.com\/www.pro.blainebox.es\/wp-content\/uploads\/2024\/05\/DRACENAARTIFICIALCONMACETA175cmFProducto.webp?fit=1000%2C1000&ssl=1&resize=700%2C400 2x"},"classes":[]},{"id":44040,"url":"https:\/\/www.pro.blainebox.es\/it\/producto\/monstera\/","url_meta":{"origin":45214,"position":4},"title":"Monstera","author":"user","date":"30\/10\/2023","format":false,"excerpt":"Immergiti nella lussureggiante e affascinante foresta tropicale con la nostra Monstera Artificiale, un elemento decorativo straordinario che aggiunger\u00e0 un tocco di eleganza e natura al tuo spazio. Questa replica meticolosamente realizzata cattura l'essenza e la maestosit\u00e0 della Monstera reale, senza la necessit\u00e0 di preoccuparti delle cure e della manutenzione costanti.\u2026","rel":"","context":"Articolo simile","block_context":{"text":"Articolo simile","link":""},"img":{"alt_text":"","src":"https:\/\/i0.wp.com\/www.pro.blainebox.es\/wp-content\/uploads\/2023\/10\/0035_1-Monstera-Foto1-NeutraBlanca_V2-e1701352005345.webp?fit=959%2C1126&ssl=1&resize=350%2C200","width":350,"height":200,"srcset":"https:\/\/i0.wp.com\/www.pro.blainebox.es\/wp-content\/uploads\/2023\/10\/0035_1-Monstera-Foto1-NeutraBlanca_V2-e1701352005345.webp?fit=959%2C1126&ssl=1&resize=350%2C200 1x, https:\/\/i0.wp.com\/www.pro.blainebox.es\/wp-content\/uploads\/2023\/10\/0035_1-Monstera-Foto1-NeutraBlanca_V2-e1701352005345.webp?fit=959%2C1126&ssl=1&resize=525%2C300 1.5x, https:\/\/i0.wp.com\/www.pro.blainebox.es\/wp-content\/uploads\/2023\/10\/0035_1-Monstera-Foto1-NeutraBlanca_V2-e1701352005345.webp?fit=959%2C1126&ssl=1&resize=700%2C400 2x"},"classes":[]},{"id":45170,"url":"https:\/\/www.pro.blainebox.es\/it\/producto\/yucca-fit\/","url_meta":{"origin":45214,"position":5},"title":"Yucca Fit","author":"user","date":"02\/11\/2023","format":false,"excerpt":"Appartiene alla famiglia delle Agavaceae ed \u00e8 originaria dell'isola del Madagascar, diventando oggi una delle piante pi\u00f9 comuni nell'arredamento d'interni. L'arredamento con le piante \u00e8 una necessit\u00e0 che ci connette con la natura, apportando innumerevoli benefici per le emozioni. MISURE Altezza 150 cm Larghezza 115 cm Altezza vaso 14 cm\u2026","rel":"","context":"Articolo simile","block_context":{"text":"Articolo simile","link":""},"img":{"alt_text":"","src":"https:\/\/i0.wp.com\/www.pro.blainebox.es\/wp-content\/uploads\/2023\/11\/wp-image51464768389446.png?fit=813%2C813&ssl=1&resize=350%2C200","width":350,"height":200,"srcset":"https:\/\/i0.wp.com\/www.pro.blainebox.es\/wp-content\/uploads\/2023\/11\/wp-image51464768389446.png?fit=813%2C813&ssl=1&resize=350%2C200 1x, https:\/\/i0.wp.com\/www.pro.blainebox.es\/wp-content\/uploads\/2023\/11\/wp-image51464768389446.png?fit=813%2C813&ssl=1&resize=525%2C300 1.5x, https:\/\/i0.wp.com\/www.pro.blainebox.es\/wp-content\/uploads\/2023\/11\/wp-image51464768389446.png?fit=813%2C813&ssl=1&resize=700%2C400 2x"},"classes":[]}],"jetpack_sharing_enabled":true,"_links":{"self":[{"href":"https:\/\/www.pro.blainebox.es\/it\/wp-json\/wp\/v2\/product\/45214","targetHints":{"allow":["GET"]}}],"collection":[{"href":"https:\/\/www.pro.blainebox.es\/it\/wp-json\/wp\/v2\/product"}],"about":[{"href":"https:\/\/www.pro.blainebox.es\/it\/wp-json\/wp\/v2\/types\/product"}],"wp:featuredmedia":[{"embeddable":true,"href":"https:\/\/www.pro.blainebox.es\/it\/wp-json\/wp\/v2\/media\/21030"}],"wp:attachment":[{"href":"https:\/\/www.pro.blainebox.es\/it\/wp-json\/wp\/v2\/media?parent=45214"}],"wp:term":[{"taxonomy":"product_brand","embeddable":true,"href":"https:\/\/www.pro.blainebox.es\/it\/wp-json\/wp\/v2\/product_brand?post=45214"},{"taxonomy":"product_cat","embeddable":true,"href":"https:\/\/www.pro.blainebox.es\/it\/wp-json\/wp\/v2\/product_cat?post=45214"},{"taxonomy":"product_tag","embeddable":true,"href":"https:\/\/www.pro.blainebox.es\/it\/wp-json\/wp\/v2\/product_tag?post=45214"}],"curies":[{"name":"wp","href":"https:\/\/api.w.org\/{rel}","templated":true}]}}