{"id":45211,"date":"2023-11-29T23:06:28","date_gmt":"2023-11-29T22:06:28","guid":{"rendered":"https:\/\/pro.blainebox.es\/producto\/spirale-tuya-150cm\/"},"modified":"2023-11-29T23:06:28","modified_gmt":"2023-11-29T22:06:28","slug":"spirale-tuya-150cm","status":"publish","type":"product","link":"https:\/\/www.pro.blainebox.es\/it\/producto\/spirale-tuya-150cm\/","title":{"rendered":"Spirale Tuya 150CM"},"content":{"rendered":"<p>Altezza cm: 150<\/p>\n","protected":false},"excerpt":{"rendered":"<p>Altezza cm: 150<\/p>\n","protected":false},"featured_media":45213,"template":"","meta":{"_acf_changed":false,"content-type":""},"product_brand":[],"product_cat":[450,455,461,459,475],"product_tag":[],"class_list":{"0":"post-45211","1":"product","2":"type-product","3":"status-publish","4":"has-post-thumbnail","6":"product_cat-arboles-y-plantas-grandes","7":"product_cat-catalogo","8":"product_cat-packs-plantas","9":"product_cat-packs-plantas-artificiales-y-preservadas","10":"product_cat-packs-plantas-setos","12":"first","13":"instock","14":"sale","15":"taxable","16":"shipping-taxable","17":"purchasable","18":"product-type-simple"},"acf":[],"jetpack-related-posts":[{"id":45207,"url":"https:\/\/www.pro.blainebox.es\/it\/producto\/siepe-a-spirale-150-cm\/","url_meta":{"origin":45211,"position":0},"title":"Siepe a spirale 150 cm","author":"user","date":"29\/11\/2023","format":false,"excerpt":"Altezza cm: 150","rel":"","context":"Articolo simile","block_context":{"text":"Articolo simile","link":""},"img":{"alt_text":"","src":"https:\/\/i0.wp.com\/www.pro.blainebox.es\/wp-content\/uploads\/2024\/06\/Seto-Espiral.png?fit=1000%2C1000&ssl=1&resize=350%2C200","width":350,"height":200,"srcset":"https:\/\/i0.wp.com\/www.pro.blainebox.es\/wp-content\/uploads\/2024\/06\/Seto-Espiral.png?fit=1000%2C1000&ssl=1&resize=350%2C200 1x, https:\/\/i0.wp.com\/www.pro.blainebox.es\/wp-content\/uploads\/2024\/06\/Seto-Espiral.png?fit=1000%2C1000&ssl=1&resize=525%2C300 1.5x, https:\/\/i0.wp.com\/www.pro.blainebox.es\/wp-content\/uploads\/2024\/06\/Seto-Espiral.png?fit=1000%2C1000&ssl=1&resize=700%2C400 2x"},"classes":[]},{"id":45408,"url":"https:\/\/www.pro.blainebox.es\/it\/producto\/dracena-tropicale-150cm\/","url_meta":{"origin":45211,"position":1},"title":"Dracena Tropicale 150CM","author":"user","date":"29\/11\/2023","format":false,"excerpt":"Altezza cm: 150","rel":"","context":"Articolo simile","block_context":{"text":"Articolo simile","link":""},"img":{"alt_text":"","src":"https:\/\/i0.wp.com\/www.pro.blainebox.es\/wp-content\/uploads\/2024\/06\/Dracena-tropical.png?fit=1000%2C1000&ssl=1&resize=350%2C200","width":350,"height":200,"srcset":"https:\/\/i0.wp.com\/www.pro.blainebox.es\/wp-content\/uploads\/2024\/06\/Dracena-tropical.png?fit=1000%2C1000&ssl=1&resize=350%2C200 1x, https:\/\/i0.wp.com\/www.pro.blainebox.es\/wp-content\/uploads\/2024\/06\/Dracena-tropical.png?fit=1000%2C1000&ssl=1&resize=525%2C300 1.5x, https:\/\/i0.wp.com\/www.pro.blainebox.es\/wp-content\/uploads\/2024\/06\/Dracena-tropical.png?fit=1000%2C1000&ssl=1&resize=700%2C400 2x"},"classes":[]},{"id":45204,"url":"https:\/\/www.pro.blainebox.es\/it\/producto\/siepe-di-cipresso-tuya-150-cm\/","url_meta":{"origin":45211,"position":2},"title":"Siepe di cipresso Tuya 150 CM","author":"user","date":"29\/11\/2023","format":false,"excerpt":"Altezza cm: 150","rel":"","context":"Articolo simile","block_context":{"text":"Articolo simile","link":""},"img":{"alt_text":"","src":"https:\/\/i0.wp.com\/www.pro.blainebox.es\/wp-content\/uploads\/2024\/06\/Seto-Cipres.png?fit=1000%2C1000&ssl=1&resize=350%2C200","width":350,"height":200,"srcset":"https:\/\/i0.wp.com\/www.pro.blainebox.es\/wp-content\/uploads\/2024\/06\/Seto-Cipres.png?fit=1000%2C1000&ssl=1&resize=350%2C200 1x, https:\/\/i0.wp.com\/www.pro.blainebox.es\/wp-content\/uploads\/2024\/06\/Seto-Cipres.png?fit=1000%2C1000&ssl=1&resize=525%2C300 1.5x, https:\/\/i0.wp.com\/www.pro.blainebox.es\/wp-content\/uploads\/2024\/06\/Seto-Cipres.png?fit=1000%2C1000&ssl=1&resize=700%2C400 2x"},"classes":[]},{"id":45414,"url":"https:\/\/www.pro.blainebox.es\/it\/producto\/dracaena-artificiale-175-cm\/","url_meta":{"origin":45211,"position":3},"title":"Dracaena artificiale 175 cm","author":"user","date":"29\/11\/2023","format":false,"excerpt":"Altezza cm: 175","rel":"","context":"Articolo simile","block_context":{"text":"Articolo simile","link":""},"img":{"alt_text":"","src":"https:\/\/i0.wp.com\/www.pro.blainebox.es\/wp-content\/uploads\/2024\/05\/DRACENAARTIFICIALCONMACETA175cmFProducto.webp?fit=1000%2C1000&ssl=1&resize=350%2C200","width":350,"height":200,"srcset":"https:\/\/i0.wp.com\/www.pro.blainebox.es\/wp-content\/uploads\/2024\/05\/DRACENAARTIFICIALCONMACETA175cmFProducto.webp?fit=1000%2C1000&ssl=1&resize=350%2C200 1x, https:\/\/i0.wp.com\/www.pro.blainebox.es\/wp-content\/uploads\/2024\/05\/DRACENAARTIFICIALCONMACETA175cmFProducto.webp?fit=1000%2C1000&ssl=1&resize=525%2C300 1.5x, https:\/\/i0.wp.com\/www.pro.blainebox.es\/wp-content\/uploads\/2024\/05\/DRACENAARTIFICIALCONMACETA175cmFProducto.webp?fit=1000%2C1000&ssl=1&resize=700%2C400 2x"},"classes":[]},{"id":15746,"url":"https:\/\/www.pro.blainebox.es\/it\/producto\/kd5004-150\/","url_meta":{"origin":45211,"position":4},"title":"HOJA DE PALMERA ARTIFICIAL 150CM","author":"user","date":"29\/11\/2023","format":false,"excerpt":"Altura cm: 150","rel":"","context":"Articolo simile","block_context":{"text":"Articolo simile","link":""},"img":{"alt_text":"","src":"https:\/\/i0.wp.com\/www.pro.blainebox.es\/wp-content\/uploads\/2023\/11\/product_template_33307-1.jpeg?fit=200%2C300&ssl=1&resize=350%2C200","width":350,"height":200},"classes":[]},{"id":45170,"url":"https:\/\/www.pro.blainebox.es\/it\/producto\/yucca-fit\/","url_meta":{"origin":45211,"position":5},"title":"Yucca Fit","author":"user","date":"02\/11\/2023","format":false,"excerpt":"Appartiene alla famiglia delle Agavaceae ed \u00e8 originaria dell'isola del Madagascar, diventando oggi una delle piante pi\u00f9 comuni nell'arredamento d'interni. L'arredamento con le piante \u00e8 una necessit\u00e0 che ci connette con la natura, apportando innumerevoli benefici per le emozioni. MISURE Altezza 150 cm Larghezza 115 cm Altezza vaso 14 cm\u2026","rel":"","context":"Articolo simile","block_context":{"text":"Articolo simile","link":""},"img":{"alt_text":"","src":"https:\/\/i0.wp.com\/www.pro.blainebox.es\/wp-content\/uploads\/2023\/11\/wp-image51464768389446.png?fit=813%2C813&ssl=1&resize=350%2C200","width":350,"height":200,"srcset":"https:\/\/i0.wp.com\/www.pro.blainebox.es\/wp-content\/uploads\/2023\/11\/wp-image51464768389446.png?fit=813%2C813&ssl=1&resize=350%2C200 1x, https:\/\/i0.wp.com\/www.pro.blainebox.es\/wp-content\/uploads\/2023\/11\/wp-image51464768389446.png?fit=813%2C813&ssl=1&resize=525%2C300 1.5x, https:\/\/i0.wp.com\/www.pro.blainebox.es\/wp-content\/uploads\/2023\/11\/wp-image51464768389446.png?fit=813%2C813&ssl=1&resize=700%2C400 2x"},"classes":[]}],"jetpack_sharing_enabled":true,"_links":{"self":[{"href":"https:\/\/www.pro.blainebox.es\/it\/wp-json\/wp\/v2\/product\/45211","targetHints":{"allow":["GET"]}}],"collection":[{"href":"https:\/\/www.pro.blainebox.es\/it\/wp-json\/wp\/v2\/product"}],"about":[{"href":"https:\/\/www.pro.blainebox.es\/it\/wp-json\/wp\/v2\/types\/product"}],"wp:featuredmedia":[{"embeddable":true,"href":"https:\/\/www.pro.blainebox.es\/it\/wp-json\/wp\/v2\/media\/45213"}],"wp:attachment":[{"href":"https:\/\/www.pro.blainebox.es\/it\/wp-json\/wp\/v2\/media?parent=45211"}],"wp:term":[{"taxonomy":"product_brand","embeddable":true,"href":"https:\/\/www.pro.blainebox.es\/it\/wp-json\/wp\/v2\/product_brand?post=45211"},{"taxonomy":"product_cat","embeddable":true,"href":"https:\/\/www.pro.blainebox.es\/it\/wp-json\/wp\/v2\/product_cat?post=45211"},{"taxonomy":"product_tag","embeddable":true,"href":"https:\/\/www.pro.blainebox.es\/it\/wp-json\/wp\/v2\/product_tag?post=45211"}],"curies":[{"name":"wp","href":"https:\/\/api.w.org\/{rel}","templated":true}]}}