{"id":45207,"date":"2023-11-29T22:51:30","date_gmt":"2023-11-29T21:51:30","guid":{"rendered":"https:\/\/pro.blainebox.es\/producto\/siepe-a-spirale-150-cm\/"},"modified":"2023-11-29T22:51:30","modified_gmt":"2023-11-29T21:51:30","slug":"siepe-a-spirale-150-cm","status":"publish","type":"product","link":"https:\/\/www.pro.blainebox.es\/it\/producto\/siepe-a-spirale-150-cm\/","title":{"rendered":"Siepe a spirale 150 cm"},"content":{"rendered":"<p>Altezza cm: 150<\/p>\n","protected":false},"excerpt":{"rendered":"<p>Altezza cm: 150<\/p>\n","protected":false},"featured_media":21032,"template":"","meta":{"_acf_changed":false,"content-type":""},"product_brand":[],"product_cat":[450,455,461,459,475],"product_tag":[],"class_list":{"0":"post-45207","1":"product","2":"type-product","3":"status-publish","4":"has-post-thumbnail","6":"product_cat-arboles-y-plantas-grandes","7":"product_cat-catalogo","8":"product_cat-packs-plantas","9":"product_cat-packs-plantas-artificiales-y-preservadas","10":"product_cat-packs-plantas-setos","12":"first","13":"instock","14":"sale","15":"taxable","16":"shipping-taxable","17":"purchasable","18":"product-type-simple"},"acf":[],"jetpack-related-posts":[{"id":45204,"url":"https:\/\/www.pro.blainebox.es\/it\/producto\/siepe-di-cipresso-tuya-150-cm\/","url_meta":{"origin":45207,"position":0},"title":"Siepe di cipresso Tuya 150 CM","author":"user","date":"29\/11\/2023","format":false,"excerpt":"Altezza cm: 150","rel":"","context":"Articolo simile","block_context":{"text":"Articolo simile","link":""},"img":{"alt_text":"","src":"https:\/\/i0.wp.com\/www.pro.blainebox.es\/wp-content\/uploads\/2024\/06\/Seto-Cipres.png?fit=1000%2C1000&ssl=1&resize=350%2C200","width":350,"height":200,"srcset":"https:\/\/i0.wp.com\/www.pro.blainebox.es\/wp-content\/uploads\/2024\/06\/Seto-Cipres.png?fit=1000%2C1000&ssl=1&resize=350%2C200 1x, https:\/\/i0.wp.com\/www.pro.blainebox.es\/wp-content\/uploads\/2024\/06\/Seto-Cipres.png?fit=1000%2C1000&ssl=1&resize=525%2C300 1.5x, https:\/\/i0.wp.com\/www.pro.blainebox.es\/wp-content\/uploads\/2024\/06\/Seto-Cipres.png?fit=1000%2C1000&ssl=1&resize=700%2C400 2x"},"classes":[]},{"id":45211,"url":"https:\/\/www.pro.blainebox.es\/it\/producto\/spirale-tuya-150cm\/","url_meta":{"origin":45207,"position":1},"title":"Spirale Tuya 150CM","author":"user","date":"29\/11\/2023","format":false,"excerpt":"Altezza cm: 150","rel":"","context":"Articolo simile","block_context":{"text":"Articolo simile","link":""},"img":{"alt_text":"","src":"https:\/\/i0.wp.com\/www.pro.blainebox.es\/wp-content\/uploads\/2023\/11\/Tuya-Espiral.webp?fit=600%2C600&ssl=1&resize=350%2C200","width":350,"height":200,"srcset":"https:\/\/i0.wp.com\/www.pro.blainebox.es\/wp-content\/uploads\/2023\/11\/Tuya-Espiral.webp?fit=600%2C600&ssl=1&resize=350%2C200 1x, https:\/\/i0.wp.com\/www.pro.blainebox.es\/wp-content\/uploads\/2023\/11\/Tuya-Espiral.webp?fit=600%2C600&ssl=1&resize=525%2C300 1.5x"},"classes":[]},{"id":45208,"url":"https:\/\/www.pro.blainebox.es\/it\/producto\/siepe-tuya-75-cm\/","url_meta":{"origin":45207,"position":2},"title":"Siepe Tuya 75 cm","author":"user","date":"29\/11\/2023","format":false,"excerpt":"Altezza cm: 75","rel":"","context":"Articolo simile","block_context":{"text":"Articolo simile","link":""},"img":{"alt_text":"","src":"https:\/\/i0.wp.com\/www.pro.blainebox.es\/wp-content\/uploads\/2024\/05\/SETOTUYAARTIFICIAL75cmFProducto.webp?fit=1000%2C1000&ssl=1&resize=350%2C200","width":350,"height":200,"srcset":"https:\/\/i0.wp.com\/www.pro.blainebox.es\/wp-content\/uploads\/2024\/05\/SETOTUYAARTIFICIAL75cmFProducto.webp?fit=1000%2C1000&ssl=1&resize=350%2C200 1x, https:\/\/i0.wp.com\/www.pro.blainebox.es\/wp-content\/uploads\/2024\/05\/SETOTUYAARTIFICIAL75cmFProducto.webp?fit=1000%2C1000&ssl=1&resize=525%2C300 1.5x, https:\/\/i0.wp.com\/www.pro.blainebox.es\/wp-content\/uploads\/2024\/05\/SETOTUYAARTIFICIAL75cmFProducto.webp?fit=1000%2C1000&ssl=1&resize=700%2C400 2x"},"classes":[]},{"id":45214,"url":"https:\/\/www.pro.blainebox.es\/it\/producto\/siepe-tuya-90-cm\/","url_meta":{"origin":45207,"position":3},"title":"Siepe Tuya 90 cm","author":"user","date":"29\/11\/2023","format":false,"excerpt":"Altezza cm: 75","rel":"","context":"Articolo simile","block_context":{"text":"Articolo simile","link":""},"img":{"alt_text":"","src":"https:\/\/i0.wp.com\/www.pro.blainebox.es\/wp-content\/uploads\/2024\/06\/Seto-Bola.png?fit=1000%2C1000&ssl=1&resize=350%2C200","width":350,"height":200,"srcset":"https:\/\/i0.wp.com\/www.pro.blainebox.es\/wp-content\/uploads\/2024\/06\/Seto-Bola.png?fit=1000%2C1000&ssl=1&resize=350%2C200 1x, https:\/\/i0.wp.com\/www.pro.blainebox.es\/wp-content\/uploads\/2024\/06\/Seto-Bola.png?fit=1000%2C1000&ssl=1&resize=525%2C300 1.5x, https:\/\/i0.wp.com\/www.pro.blainebox.es\/wp-content\/uploads\/2024\/06\/Seto-Bola.png?fit=1000%2C1000&ssl=1&resize=700%2C400 2x"},"classes":[]},{"id":45170,"url":"https:\/\/www.pro.blainebox.es\/it\/producto\/yucca-fit\/","url_meta":{"origin":45207,"position":4},"title":"Yucca Fit","author":"user","date":"02\/11\/2023","format":false,"excerpt":"Appartiene alla famiglia delle Agavaceae ed \u00e8 originaria dell'isola del Madagascar, diventando oggi una delle piante pi\u00f9 comuni nell'arredamento d'interni. L'arredamento con le piante \u00e8 una necessit\u00e0 che ci connette con la natura, apportando innumerevoli benefici per le emozioni. MISURE Altezza 150 cm Larghezza 115 cm Altezza vaso 14 cm\u2026","rel":"","context":"Articolo simile","block_context":{"text":"Articolo simile","link":""},"img":{"alt_text":"","src":"https:\/\/i0.wp.com\/www.pro.blainebox.es\/wp-content\/uploads\/2023\/11\/wp-image51464768389446.png?fit=813%2C813&ssl=1&resize=350%2C200","width":350,"height":200,"srcset":"https:\/\/i0.wp.com\/www.pro.blainebox.es\/wp-content\/uploads\/2023\/11\/wp-image51464768389446.png?fit=813%2C813&ssl=1&resize=350%2C200 1x, https:\/\/i0.wp.com\/www.pro.blainebox.es\/wp-content\/uploads\/2023\/11\/wp-image51464768389446.png?fit=813%2C813&ssl=1&resize=525%2C300 1.5x, https:\/\/i0.wp.com\/www.pro.blainebox.es\/wp-content\/uploads\/2023\/11\/wp-image51464768389446.png?fit=813%2C813&ssl=1&resize=700%2C400 2x"},"classes":[]},{"id":45408,"url":"https:\/\/www.pro.blainebox.es\/it\/producto\/dracena-tropicale-150cm\/","url_meta":{"origin":45207,"position":5},"title":"Dracena Tropicale 150CM","author":"user","date":"29\/11\/2023","format":false,"excerpt":"Altezza cm: 150","rel":"","context":"Articolo simile","block_context":{"text":"Articolo simile","link":""},"img":{"alt_text":"","src":"https:\/\/i0.wp.com\/www.pro.blainebox.es\/wp-content\/uploads\/2024\/06\/Dracena-tropical.png?fit=1000%2C1000&ssl=1&resize=350%2C200","width":350,"height":200,"srcset":"https:\/\/i0.wp.com\/www.pro.blainebox.es\/wp-content\/uploads\/2024\/06\/Dracena-tropical.png?fit=1000%2C1000&ssl=1&resize=350%2C200 1x, https:\/\/i0.wp.com\/www.pro.blainebox.es\/wp-content\/uploads\/2024\/06\/Dracena-tropical.png?fit=1000%2C1000&ssl=1&resize=525%2C300 1.5x, https:\/\/i0.wp.com\/www.pro.blainebox.es\/wp-content\/uploads\/2024\/06\/Dracena-tropical.png?fit=1000%2C1000&ssl=1&resize=700%2C400 2x"},"classes":[]}],"jetpack_sharing_enabled":true,"_links":{"self":[{"href":"https:\/\/www.pro.blainebox.es\/it\/wp-json\/wp\/v2\/product\/45207","targetHints":{"allow":["GET"]}}],"collection":[{"href":"https:\/\/www.pro.blainebox.es\/it\/wp-json\/wp\/v2\/product"}],"about":[{"href":"https:\/\/www.pro.blainebox.es\/it\/wp-json\/wp\/v2\/types\/product"}],"wp:featuredmedia":[{"embeddable":true,"href":"https:\/\/www.pro.blainebox.es\/it\/wp-json\/wp\/v2\/media\/21032"}],"wp:attachment":[{"href":"https:\/\/www.pro.blainebox.es\/it\/wp-json\/wp\/v2\/media?parent=45207"}],"wp:term":[{"taxonomy":"product_brand","embeddable":true,"href":"https:\/\/www.pro.blainebox.es\/it\/wp-json\/wp\/v2\/product_brand?post=45207"},{"taxonomy":"product_cat","embeddable":true,"href":"https:\/\/www.pro.blainebox.es\/it\/wp-json\/wp\/v2\/product_cat?post=45207"},{"taxonomy":"product_tag","embeddable":true,"href":"https:\/\/www.pro.blainebox.es\/it\/wp-json\/wp\/v2\/product_tag?post=45207"}],"curies":[{"name":"wp","href":"https:\/\/api.w.org\/{rel}","templated":true}]}}