{"id":45170,"date":"2023-11-02T15:05:56","date_gmt":"2023-11-02T14:05:56","guid":{"rendered":"https:\/\/pro.blainebox.es\/producto\/yucca-fit\/"},"modified":"2023-11-02T15:05:56","modified_gmt":"2023-11-02T14:05:56","slug":"yucca-fit","status":"publish","type":"product","link":"https:\/\/www.pro.blainebox.es\/it\/producto\/yucca-fit\/","title":{"rendered":"Yucca Fit"},"content":{"rendered":"<p><span style=\"font-weight: 400;\">Appartiene alla famiglia delle Agavaceae ed \u00e8 originaria dell&#8217;isola del Madagascar, diventando oggi una delle piante pi\u00f9 comuni nell&#8217;arredamento d&#8217;interni. <\/span><\/p>\n<p><span style=\"font-weight: 400;\">L&#8217;arredamento con le piante \u00e8 una necessit\u00e0 che ci connette con la natura, apportando innumerevoli benefici per le emozioni.<\/span><\/p>\n<p><strong data-mce-fragment=\"1\">MISURE<\/strong><\/p>\n<table width=\"100%\" data-mce-fragment=\"1\">\n<tbody data-mce-fragment=\"1\">\n<tr data-mce-fragment=\"1\">\n<td style=\"width: 46.4076%;\" data-mce-fragment=\"1\"><strong data-mce-fragment=\"1\">Altezza<\/strong><\/td>\n<td style=\"width: 49.5924%;\" data-mce-fragment=\"1\">150 cm<\/td>\n<\/tr>\n<tr data-mce-fragment=\"1\">\n<td style=\"width: 46.4076%;\" data-mce-fragment=\"1\"><strong data-mce-fragment=\"1\">Larghezza<\/strong><\/td>\n<td style=\"width: 49.5924%;\" data-mce-fragment=\"1\">115 cm<\/td>\n<\/tr>\n<tr data-mce-fragment=\"1\">\n<td style=\"width: 46.4076%;\" data-mce-fragment=\"1\"><strong data-mce-fragment=\"1\">Altezza vaso<\/strong><\/td>\n<td style=\"width: 49.5924%;\" data-mce-fragment=\"1\">14 cm<\/td>\n<\/tr>\n<tr data-mce-fragment=\"1\">\n<td style=\"width: 46.4076%;\" data-mce-fragment=\"1\"><strong data-mce-fragment=\"1\">Diametro vaso<\/strong><\/td>\n<td style=\"width: 49.5924%;\" data-mce-fragment=\"1\">16 cm<\/td>\n<\/tr>\n<\/tbody>\n<\/table>\n<p>*In alcuni casi, le immagini e i colori sono puramente indicativi. Le misure sono sempre approssimative a quelle che indichiamo nella descrizione del prodotto, poich\u00e9 dipende da come si apre la pianta e le foglie.  Per sapere la misura che avr\u00e0 la tua pianta, la indichiamo in centimetri e si prendono dalla base inferiore del vaso fino all&#8217;estremit\u00e0 pi\u00f9 lunga\/alta della pianta.<\/p>\n","protected":false},"excerpt":{"rendered":"<p><span style=\"font-weight: 400;\">Appartiene alla famiglia delle Agavaceae ed \u00e8 originaria dell&#8217;isola del Madagascar, diventando oggi una delle piante pi\u00f9 comuni nell&#8217;arredamento d&#8217;interni. <\/span><\/p>\n<p><span style=\"font-weight: 400;\">L&#8217;arredamento con le piante \u00e8 una necessit\u00e0 che ci connette con la natura, apportando innumerevoli benefici per le emozioni.<\/span><\/p>\n<p><strong>MISURE<\/strong><\/p>\n<table width=\"100%\">\n<tbody>\n<tr>\n<td style=\"width: 46.4076%;\"><strong>Altezza<\/strong><\/td>\n<td style=\"width: 49.5924%;\">150 cm<\/td>\n<\/tr>\n<tr>\n<td style=\"width: 46.4076%;\"><strong>Larghezza<\/strong><\/td>\n<td style=\"width: 49.5924%;\">115 cm<\/td>\n<\/tr>\n<tr>\n<td style=\"width: 46.4076%;\"><strong>Altezza vaso<\/strong><\/td>\n<td style=\"width: 49.5924%;\">14 cm<\/td>\n<\/tr>\n<tr>\n<td style=\"width: 46.4076%;\"><strong>Diametro vaso<\/strong><\/td>\n<td style=\"width: 49.5924%;\">16 cm<\/td>\n<\/tr>\n<\/tbody>\n<\/table>\n<p>*In alcuni casi, le immagini e i colori sono puramente indicativi. Le misure sono sempre approssimative a quelle che indichiamo nella descrizione del prodotto, poich\u00e9 dipende da come si apre la pianta e le foglie.  Per sapere la misura che avr\u00e0 la tua pianta, la indichiamo in centimetri e si prendono dalla base inferiore del vaso fino all&#8217;estremit\u00e0 pi\u00f9 lunga\/alta della pianta.<\/p>\n","protected":false},"featured_media":8492,"template":"","meta":{"_acf_changed":false,"content-type":""},"product_brand":[],"product_cat":[450,455,446,461,459],"product_tag":[400],"class_list":{"0":"post-45170","1":"product","2":"type-product","3":"status-publish","4":"has-post-thumbnail","6":"product_cat-arboles-y-plantas-grandes","7":"product_cat-catalogo","8":"product_cat-entre-100-y-150cm","9":"product_cat-packs-plantas","10":"product_cat-packs-plantas-artificiales-y-preservadas","11":"product_tag-outofstock","13":"first","14":"instock","15":"sale","16":"taxable","17":"shipping-taxable","18":"purchasable","19":"product-type-simple"},"acf":[],"jetpack-related-posts":[{"id":44040,"url":"https:\/\/www.pro.blainebox.es\/it\/producto\/monstera\/","url_meta":{"origin":45170,"position":0},"title":"Monstera","author":"user","date":"30\/10\/2023","format":false,"excerpt":"Immergiti nella lussureggiante e affascinante foresta tropicale con la nostra Monstera Artificiale, un elemento decorativo straordinario che aggiunger\u00e0 un tocco di eleganza e natura al tuo spazio. Questa replica meticolosamente realizzata cattura l'essenza e la maestosit\u00e0 della Monstera reale, senza la necessit\u00e0 di preoccuparti delle cure e della manutenzione costanti.\u2026","rel":"","context":"Articolo simile","block_context":{"text":"Articolo simile","link":""},"img":{"alt_text":"","src":"https:\/\/i0.wp.com\/www.pro.blainebox.es\/wp-content\/uploads\/2023\/10\/0035_1-Monstera-Foto1-NeutraBlanca_V2-e1701352005345.webp?fit=959%2C1126&ssl=1&resize=350%2C200","width":350,"height":200,"srcset":"https:\/\/i0.wp.com\/www.pro.blainebox.es\/wp-content\/uploads\/2023\/10\/0035_1-Monstera-Foto1-NeutraBlanca_V2-e1701352005345.webp?fit=959%2C1126&ssl=1&resize=350%2C200 1x, https:\/\/i0.wp.com\/www.pro.blainebox.es\/wp-content\/uploads\/2023\/10\/0035_1-Monstera-Foto1-NeutraBlanca_V2-e1701352005345.webp?fit=959%2C1126&ssl=1&resize=525%2C300 1.5x, https:\/\/i0.wp.com\/www.pro.blainebox.es\/wp-content\/uploads\/2023\/10\/0035_1-Monstera-Foto1-NeutraBlanca_V2-e1701352005345.webp?fit=959%2C1126&ssl=1&resize=700%2C400 2x"},"classes":[]},{"id":45145,"url":"https:\/\/www.pro.blainebox.es\/it\/producto\/yucca\/","url_meta":{"origin":45170,"position":1},"title":"Yucca","author":"user","date":"02\/11\/2023","format":false,"excerpt":"\u00c8 una pianta arborea della famiglia delle Agavaceae, originaria dell'America Centrale. Nel suo habitat naturale pu\u00f2 raggiungere i 10 metri di altezza. La candidata ideale per dare un tocco di giungla alla tua casa, ma anche di sofisticazione grazie al portamento dei tronchi e alle sue foglie, riprodotte con una\u2026","rel":"","context":"Articolo simile","block_context":{"text":"Articolo simile","link":""},"img":{"alt_text":"","src":"https:\/\/i0.wp.com\/www.pro.blainebox.es\/wp-content\/uploads\/2024\/05\/0024_1-Yuca-Foto1-NeutraBlanco_V2.webp?fit=1200%2C1200&ssl=1&resize=350%2C200","width":350,"height":200,"srcset":"https:\/\/i0.wp.com\/www.pro.blainebox.es\/wp-content\/uploads\/2024\/05\/0024_1-Yuca-Foto1-NeutraBlanco_V2.webp?fit=1200%2C1200&ssl=1&resize=350%2C200 1x, https:\/\/i0.wp.com\/www.pro.blainebox.es\/wp-content\/uploads\/2024\/05\/0024_1-Yuca-Foto1-NeutraBlanco_V2.webp?fit=1200%2C1200&ssl=1&resize=525%2C300 1.5x, https:\/\/i0.wp.com\/www.pro.blainebox.es\/wp-content\/uploads\/2024\/05\/0024_1-Yuca-Foto1-NeutraBlanco_V2.webp?fit=1200%2C1200&ssl=1&resize=700%2C400 2x, https:\/\/i0.wp.com\/www.pro.blainebox.es\/wp-content\/uploads\/2024\/05\/0024_1-Yuca-Foto1-NeutraBlanco_V2.webp?fit=1200%2C1200&ssl=1&resize=1050%2C600 3x"},"classes":[]},{"id":44044,"url":"https:\/\/www.pro.blainebox.es\/it\/producto\/mandorlo-bianco\/","url_meta":{"origin":45170,"position":2},"title":"Mandorlo bianco","author":"user","date":"30\/10\/2023","format":false,"excerpt":"Dai vita alla tua casa con la maestosit\u00e0 del mandorlo bianco artificiale. La nostra replica squisitamente dettagliata cattura con precisione l'essenza di questa splendida specie. I suoi rami accuratamente modellati e le sue foglie dall'aspetto realistico sono il complemento perfetto per qualsiasi spazio interno. *In alcuni casi, le immagini e\u2026","rel":"","context":"Articolo simile","block_context":{"text":"Articolo simile","link":""},"img":{"alt_text":"","src":"https:\/\/i0.wp.com\/www.pro.blainebox.es\/wp-content\/uploads\/2023\/10\/0053_1-Almendro-Foto1-NeutraBlanca-e1701351779809.webp?fit=730%2C1176&ssl=1&resize=350%2C200","width":350,"height":200,"srcset":"https:\/\/i0.wp.com\/www.pro.blainebox.es\/wp-content\/uploads\/2023\/10\/0053_1-Almendro-Foto1-NeutraBlanca-e1701351779809.webp?fit=730%2C1176&ssl=1&resize=350%2C200 1x, https:\/\/i0.wp.com\/www.pro.blainebox.es\/wp-content\/uploads\/2023\/10\/0053_1-Almendro-Foto1-NeutraBlanca-e1701351779809.webp?fit=730%2C1176&ssl=1&resize=525%2C300 1.5x, https:\/\/i0.wp.com\/www.pro.blainebox.es\/wp-content\/uploads\/2023\/10\/0053_1-Almendro-Foto1-NeutraBlanca-e1701351779809.webp?fit=730%2C1176&ssl=1&resize=700%2C400 2x"},"classes":[]},{"id":44065,"url":"https:\/\/www.pro.blainebox.es\/it\/producto\/calathea-mini\/","url_meta":{"origin":45170,"position":3},"title":"Calathea mini","author":"user","date":"02\/11\/2023","format":false,"excerpt":"Trasforma istantaneamente la tua casa o il tuo ufficio in un'oasi di bellezza naturale con la nostra Calathea artificiale da 25 cm in vaso. Questa pianta squisita \u00e8 la scelta perfetta per chi desidera godere della rigogliosit\u00e0 e della serenit\u00e0 di una Calathea vera, ma senza la necessit\u00e0 di cure\u2026","rel":"","context":"Articolo simile","block_context":{"text":"Articolo simile","link":""},"img":{"alt_text":"","src":"https:\/\/i0.wp.com\/www.pro.blainebox.es\/wp-content\/uploads\/2023\/11\/wp-image52463889318214.png?fit=1200%2C1200&ssl=1&resize=350%2C200","width":350,"height":200,"srcset":"https:\/\/i0.wp.com\/www.pro.blainebox.es\/wp-content\/uploads\/2023\/11\/wp-image52463889318214.png?fit=1200%2C1200&ssl=1&resize=350%2C200 1x, https:\/\/i0.wp.com\/www.pro.blainebox.es\/wp-content\/uploads\/2023\/11\/wp-image52463889318214.png?fit=1200%2C1200&ssl=1&resize=525%2C300 1.5x, https:\/\/i0.wp.com\/www.pro.blainebox.es\/wp-content\/uploads\/2023\/11\/wp-image52463889318214.png?fit=1200%2C1200&ssl=1&resize=700%2C400 2x, https:\/\/i0.wp.com\/www.pro.blainebox.es\/wp-content\/uploads\/2023\/11\/wp-image52463889318214.png?fit=1200%2C1200&ssl=1&resize=1050%2C600 3x"},"classes":[]},{"id":45207,"url":"https:\/\/www.pro.blainebox.es\/it\/producto\/siepe-a-spirale-150-cm\/","url_meta":{"origin":45170,"position":4},"title":"Siepe a spirale 150 cm","author":"user","date":"29\/11\/2023","format":false,"excerpt":"Altezza cm: 150","rel":"","context":"Articolo simile","block_context":{"text":"Articolo simile","link":""},"img":{"alt_text":"","src":"https:\/\/i0.wp.com\/www.pro.blainebox.es\/wp-content\/uploads\/2024\/06\/Seto-Espiral.png?fit=1000%2C1000&ssl=1&resize=350%2C200","width":350,"height":200,"srcset":"https:\/\/i0.wp.com\/www.pro.blainebox.es\/wp-content\/uploads\/2024\/06\/Seto-Espiral.png?fit=1000%2C1000&ssl=1&resize=350%2C200 1x, https:\/\/i0.wp.com\/www.pro.blainebox.es\/wp-content\/uploads\/2024\/06\/Seto-Espiral.png?fit=1000%2C1000&ssl=1&resize=525%2C300 1.5x, https:\/\/i0.wp.com\/www.pro.blainebox.es\/wp-content\/uploads\/2024\/06\/Seto-Espiral.png?fit=1000%2C1000&ssl=1&resize=700%2C400 2x"},"classes":[]},{"id":45204,"url":"https:\/\/www.pro.blainebox.es\/it\/producto\/siepe-di-cipresso-tuya-150-cm\/","url_meta":{"origin":45170,"position":5},"title":"Siepe di cipresso Tuya 150 CM","author":"user","date":"29\/11\/2023","format":false,"excerpt":"Altezza cm: 150","rel":"","context":"Articolo simile","block_context":{"text":"Articolo simile","link":""},"img":{"alt_text":"","src":"https:\/\/i0.wp.com\/www.pro.blainebox.es\/wp-content\/uploads\/2024\/06\/Seto-Cipres.png?fit=1000%2C1000&ssl=1&resize=350%2C200","width":350,"height":200,"srcset":"https:\/\/i0.wp.com\/www.pro.blainebox.es\/wp-content\/uploads\/2024\/06\/Seto-Cipres.png?fit=1000%2C1000&ssl=1&resize=350%2C200 1x, https:\/\/i0.wp.com\/www.pro.blainebox.es\/wp-content\/uploads\/2024\/06\/Seto-Cipres.png?fit=1000%2C1000&ssl=1&resize=525%2C300 1.5x, https:\/\/i0.wp.com\/www.pro.blainebox.es\/wp-content\/uploads\/2024\/06\/Seto-Cipres.png?fit=1000%2C1000&ssl=1&resize=700%2C400 2x"},"classes":[]}],"jetpack_sharing_enabled":true,"_links":{"self":[{"href":"https:\/\/www.pro.blainebox.es\/it\/wp-json\/wp\/v2\/product\/45170","targetHints":{"allow":["GET"]}}],"collection":[{"href":"https:\/\/www.pro.blainebox.es\/it\/wp-json\/wp\/v2\/product"}],"about":[{"href":"https:\/\/www.pro.blainebox.es\/it\/wp-json\/wp\/v2\/types\/product"}],"wp:featuredmedia":[{"embeddable":true,"href":"https:\/\/www.pro.blainebox.es\/it\/wp-json\/wp\/v2\/media\/8492"}],"wp:attachment":[{"href":"https:\/\/www.pro.blainebox.es\/it\/wp-json\/wp\/v2\/media?parent=45170"}],"wp:term":[{"taxonomy":"product_brand","embeddable":true,"href":"https:\/\/www.pro.blainebox.es\/it\/wp-json\/wp\/v2\/product_brand?post=45170"},{"taxonomy":"product_cat","embeddable":true,"href":"https:\/\/www.pro.blainebox.es\/it\/wp-json\/wp\/v2\/product_cat?post=45170"},{"taxonomy":"product_tag","embeddable":true,"href":"https:\/\/www.pro.blainebox.es\/it\/wp-json\/wp\/v2\/product_tag?post=45170"}],"curies":[{"name":"wp","href":"https:\/\/api.w.org\/{rel}","templated":true}]}}