{"id":45145,"date":"2023-11-02T15:04:56","date_gmt":"2023-11-02T14:04:56","guid":{"rendered":"https:\/\/pro.blainebox.es\/producto\/yucca\/"},"modified":"2023-11-02T15:04:56","modified_gmt":"2023-11-02T14:04:56","slug":"yucca","status":"publish","type":"product","link":"https:\/\/www.pro.blainebox.es\/it\/producto\/yucca\/","title":{"rendered":"Yucca"},"content":{"rendered":"<p><span style=\"font-weight: 400;\">\u00c8 una pianta arborea della famiglia delle Agavaceae, originaria dell&#8217;America Centrale. Nel suo habitat naturale pu\u00f2 raggiungere i 10 metri di altezza. <\/span><span style=\"font-weight: 400;\"> <\/span><\/p>\n<p><span style=\"font-weight: 400;\">La candidata ideale per dare un tocco di giungla alla tua casa, ma anche di sofisticazione grazie al portamento dei tronchi e alle sue foglie, riprodotte con una tale accuratezza da renderla indistinguibile dalla Yucca naturale.<\/span><\/p>\n<p><strong>MISURE<\/strong><\/p>\n<table width=\"100%\">\n<tbody>\n<tr>\n<td style=\"width: 46.4076%;\"><strong>Altezza<\/strong><\/td>\n<td style=\"width: 49.5924%;\">185cm<\/td>\n<\/tr>\n<tr>\n<td style=\"width: 46.4076%;\"><strong>Larghezza<\/strong><\/td>\n<td style=\"width: 49.5924%;\">99cm<\/td>\n<\/tr>\n<tr>\n<td style=\"width: 46.4076%;\"><strong>Altezza vaso<\/strong><\/td>\n<td style=\"width: 49.5924%;\">17cm<\/td>\n<\/tr>\n<tr>\n<td style=\"width: 46.4076%;\"><strong>Diametro vaso<\/strong><\/td>\n<td style=\"width: 49.5924%;\">20cm<\/td>\n<\/tr>\n<\/tbody>\n<\/table>\n<p>*In alcuni casi, le immagini e i colori sono puramente indicativi. Le misure sono sempre approssimative a quelle che indichiamo nella descrizione del prodotto, poich\u00e9 dipende da come si apre la pianta e le foglie.  Per sapere la misura che avr\u00e0 la tua pianta, la indichiamo in centimetri e si prendono dalla base inferiore del vaso fino all&#8217;estremit\u00e0 pi\u00f9 lunga\/alta della pianta.<\/p>\n","protected":false},"excerpt":{"rendered":"<p><span style=\"font-weight: 400;\">\u00c8 una pianta arborea della famiglia delle Agavaceae, originaria dell&#8217;America Centrale. Nel suo habitat naturale pu\u00f2 raggiungere i 10 metri di altezza. <\/span><span style=\"font-weight: 400;\"> <\/span><\/p>\n<p><span style=\"font-weight: 400;\">La candidata ideale per dare un tocco di giungla alla tua casa, ma anche di sofisticazione grazie al portamento dei tronchi e alle sue foglie, riprodotte con una tale accuratezza da renderla indistinguibile dalla Yucca naturale.<\/span><\/p>\n<p><strong>MISURE<\/strong><\/p>\n<table width=\"100%\">\n<tbody>\n<tr>\n<td style=\"width: 46.4076%;\"><strong>Altezza<\/strong><\/td>\n<td style=\"width: 49.5924%;\">185cm<\/td>\n<\/tr>\n<tr>\n<td style=\"width: 46.4076%;\"><strong>Larghezza<\/strong><\/td>\n<td style=\"width: 49.5924%;\">99cm<\/td>\n<\/tr>\n<tr>\n<td style=\"width: 46.4076%;\"><strong>Altezza vaso<\/strong><\/td>\n<td style=\"width: 49.5924%;\">17cm<\/td>\n<\/tr>\n<tr>\n<td style=\"width: 46.4076%;\"><strong>Diametro vaso<\/strong><\/td>\n<td style=\"width: 49.5924%;\">20cm<\/td>\n<\/tr>\n<\/tbody>\n<\/table>\n<p>*In alcuni casi, le immagini e i colori sono puramente indicativi. Le misure sono sempre approssimative a quelle che indichiamo nella descrizione del prodotto, poich\u00e9 dipende da come si apre la pianta e le foglie.  Per sapere la misura che avr\u00e0 la tua pianta, la indichiamo in centimetri e si prendono dalla base inferiore del vaso fino all&#8217;estremit\u00e0 pi\u00f9 lunga\/alta della pianta.<\/p>\n","protected":false},"featured_media":20060,"template":"","meta":{"_acf_changed":false,"content-type":""},"product_brand":[],"product_cat":[450,455,446,461,459],"product_tag":[408],"class_list":{"0":"post-45145","1":"product","2":"type-product","3":"status-publish","4":"has-post-thumbnail","6":"product_cat-arboles-y-plantas-grandes","7":"product_cat-catalogo","8":"product_cat-entre-100-y-150cm","9":"product_cat-packs-plantas","10":"product_cat-packs-plantas-artificiales-y-preservadas","11":"product_tag-185cm","13":"first","14":"instock","15":"sale","16":"taxable","17":"shipping-taxable","18":"purchasable","19":"product-type-simple"},"acf":[],"jetpack-related-posts":[{"id":44044,"url":"https:\/\/www.pro.blainebox.es\/it\/producto\/mandorlo-bianco\/","url_meta":{"origin":45145,"position":0},"title":"Mandorlo bianco","author":"user","date":"30\/10\/2023","format":false,"excerpt":"Dai vita alla tua casa con la maestosit\u00e0 del mandorlo bianco artificiale. La nostra replica squisitamente dettagliata cattura con precisione l'essenza di questa splendida specie. I suoi rami accuratamente modellati e le sue foglie dall'aspetto realistico sono il complemento perfetto per qualsiasi spazio interno. *In alcuni casi, le immagini e\u2026","rel":"","context":"Articolo simile","block_context":{"text":"Articolo simile","link":""},"img":{"alt_text":"","src":"https:\/\/i0.wp.com\/www.pro.blainebox.es\/wp-content\/uploads\/2023\/10\/0053_1-Almendro-Foto1-NeutraBlanca-e1701351779809.webp?fit=730%2C1176&ssl=1&resize=350%2C200","width":350,"height":200,"srcset":"https:\/\/i0.wp.com\/www.pro.blainebox.es\/wp-content\/uploads\/2023\/10\/0053_1-Almendro-Foto1-NeutraBlanca-e1701351779809.webp?fit=730%2C1176&ssl=1&resize=350%2C200 1x, https:\/\/i0.wp.com\/www.pro.blainebox.es\/wp-content\/uploads\/2023\/10\/0053_1-Almendro-Foto1-NeutraBlanca-e1701351779809.webp?fit=730%2C1176&ssl=1&resize=525%2C300 1.5x, https:\/\/i0.wp.com\/www.pro.blainebox.es\/wp-content\/uploads\/2023\/10\/0053_1-Almendro-Foto1-NeutraBlanca-e1701351779809.webp?fit=730%2C1176&ssl=1&resize=700%2C400 2x"},"classes":[]},{"id":44040,"url":"https:\/\/www.pro.blainebox.es\/it\/producto\/monstera\/","url_meta":{"origin":45145,"position":1},"title":"Monstera","author":"user","date":"30\/10\/2023","format":false,"excerpt":"Immergiti nella lussureggiante e affascinante foresta tropicale con la nostra Monstera Artificiale, un elemento decorativo straordinario che aggiunger\u00e0 un tocco di eleganza e natura al tuo spazio. Questa replica meticolosamente realizzata cattura l'essenza e la maestosit\u00e0 della Monstera reale, senza la necessit\u00e0 di preoccuparti delle cure e della manutenzione costanti.\u2026","rel":"","context":"Articolo simile","block_context":{"text":"Articolo simile","link":""},"img":{"alt_text":"","src":"https:\/\/i0.wp.com\/www.pro.blainebox.es\/wp-content\/uploads\/2023\/10\/0035_1-Monstera-Foto1-NeutraBlanca_V2-e1701352005345.webp?fit=959%2C1126&ssl=1&resize=350%2C200","width":350,"height":200,"srcset":"https:\/\/i0.wp.com\/www.pro.blainebox.es\/wp-content\/uploads\/2023\/10\/0035_1-Monstera-Foto1-NeutraBlanca_V2-e1701352005345.webp?fit=959%2C1126&ssl=1&resize=350%2C200 1x, https:\/\/i0.wp.com\/www.pro.blainebox.es\/wp-content\/uploads\/2023\/10\/0035_1-Monstera-Foto1-NeutraBlanca_V2-e1701352005345.webp?fit=959%2C1126&ssl=1&resize=525%2C300 1.5x, https:\/\/i0.wp.com\/www.pro.blainebox.es\/wp-content\/uploads\/2023\/10\/0035_1-Monstera-Foto1-NeutraBlanca_V2-e1701352005345.webp?fit=959%2C1126&ssl=1&resize=700%2C400 2x"},"classes":[]},{"id":45170,"url":"https:\/\/www.pro.blainebox.es\/it\/producto\/yucca-fit\/","url_meta":{"origin":45145,"position":2},"title":"Yucca Fit","author":"user","date":"02\/11\/2023","format":false,"excerpt":"Appartiene alla famiglia delle Agavaceae ed \u00e8 originaria dell'isola del Madagascar, diventando oggi una delle piante pi\u00f9 comuni nell'arredamento d'interni. L'arredamento con le piante \u00e8 una necessit\u00e0 che ci connette con la natura, apportando innumerevoli benefici per le emozioni. MISURE Altezza 150 cm Larghezza 115 cm Altezza vaso 14 cm\u2026","rel":"","context":"Articolo simile","block_context":{"text":"Articolo simile","link":""},"img":{"alt_text":"","src":"https:\/\/i0.wp.com\/www.pro.blainebox.es\/wp-content\/uploads\/2023\/11\/wp-image51464768389446.png?fit=813%2C813&ssl=1&resize=350%2C200","width":350,"height":200,"srcset":"https:\/\/i0.wp.com\/www.pro.blainebox.es\/wp-content\/uploads\/2023\/11\/wp-image51464768389446.png?fit=813%2C813&ssl=1&resize=350%2C200 1x, https:\/\/i0.wp.com\/www.pro.blainebox.es\/wp-content\/uploads\/2023\/11\/wp-image51464768389446.png?fit=813%2C813&ssl=1&resize=525%2C300 1.5x, https:\/\/i0.wp.com\/www.pro.blainebox.es\/wp-content\/uploads\/2023\/11\/wp-image51464768389446.png?fit=813%2C813&ssl=1&resize=700%2C400 2x"},"classes":[]},{"id":44065,"url":"https:\/\/www.pro.blainebox.es\/it\/producto\/calathea-mini\/","url_meta":{"origin":45145,"position":3},"title":"Calathea mini","author":"user","date":"02\/11\/2023","format":false,"excerpt":"Trasforma istantaneamente la tua casa o il tuo ufficio in un'oasi di bellezza naturale con la nostra Calathea artificiale da 25 cm in vaso. Questa pianta squisita \u00e8 la scelta perfetta per chi desidera godere della rigogliosit\u00e0 e della serenit\u00e0 di una Calathea vera, ma senza la necessit\u00e0 di cure\u2026","rel":"","context":"Articolo simile","block_context":{"text":"Articolo simile","link":""},"img":{"alt_text":"","src":"https:\/\/i0.wp.com\/www.pro.blainebox.es\/wp-content\/uploads\/2023\/11\/wp-image52463889318214.png?fit=1200%2C1200&ssl=1&resize=350%2C200","width":350,"height":200,"srcset":"https:\/\/i0.wp.com\/www.pro.blainebox.es\/wp-content\/uploads\/2023\/11\/wp-image52463889318214.png?fit=1200%2C1200&ssl=1&resize=350%2C200 1x, https:\/\/i0.wp.com\/www.pro.blainebox.es\/wp-content\/uploads\/2023\/11\/wp-image52463889318214.png?fit=1200%2C1200&ssl=1&resize=525%2C300 1.5x, https:\/\/i0.wp.com\/www.pro.blainebox.es\/wp-content\/uploads\/2023\/11\/wp-image52463889318214.png?fit=1200%2C1200&ssl=1&resize=700%2C400 2x, https:\/\/i0.wp.com\/www.pro.blainebox.es\/wp-content\/uploads\/2023\/11\/wp-image52463889318214.png?fit=1200%2C1200&ssl=1&resize=1050%2C600 3x"},"classes":[]},{"id":49803,"url":"https:\/\/www.pro.blainebox.es\/it\/producto\/mont-blanc-47-mm\/","url_meta":{"origin":45145,"position":4},"title":"Mont Blanc 47 mm","author":"user","date":"13\/06\/2025","format":false,"excerpt":"Caratteristiche principali Altezza del manto erboso: 47 mm Altezza totale: 51 mm Peso del filato: 3.350 g\/m\u00b2 Materiale: Fibre resistenti ai raggi UV (PE + PP riccio) Drenaggio: Alta permeabilit\u00e0 di 3.600 L\/h\/m\u00b2 Uso consigliato: Giardinaggio, decorazione e paesaggistica Resistenza: Trattamento antimuffa testato Formato del rotolo: 2 m x 25\u2026","rel":"","context":"Articolo simile","block_context":{"text":"Articolo simile","link":""},"img":{"alt_text":"","src":"https:\/\/i0.wp.com\/www.pro.blainebox.es\/wp-content\/uploads\/2025\/06\/UNIGRASS-47-W-INFO.jpg?fit=1080%2C1080&ssl=1&resize=350%2C200","width":350,"height":200,"srcset":"https:\/\/i0.wp.com\/www.pro.blainebox.es\/wp-content\/uploads\/2025\/06\/UNIGRASS-47-W-INFO.jpg?fit=1080%2C1080&ssl=1&resize=350%2C200 1x, https:\/\/i0.wp.com\/www.pro.blainebox.es\/wp-content\/uploads\/2025\/06\/UNIGRASS-47-W-INFO.jpg?fit=1080%2C1080&ssl=1&resize=525%2C300 1.5x, https:\/\/i0.wp.com\/www.pro.blainebox.es\/wp-content\/uploads\/2025\/06\/UNIGRASS-47-W-INFO.jpg?fit=1080%2C1080&ssl=1&resize=700%2C400 2x, https:\/\/i0.wp.com\/www.pro.blainebox.es\/wp-content\/uploads\/2025\/06\/UNIGRASS-47-W-INFO.jpg?fit=1080%2C1080&ssl=1&resize=1050%2C600 3x"},"classes":[]},{"id":49789,"url":"https:\/\/www.pro.blainebox.es\/it\/producto\/teide-25mm\/","url_meta":{"origin":45145,"position":5},"title":"Teide 25mm","author":"user","date":"13\/06\/2025","format":false,"excerpt":"Caratteristiche principali Altezza del manto erboso: 25 mm Peso totale: 1.350 g\/m\u00b2 Materiale: Fibre resistenti ai raggi UV (PE + PP) Drenaggio: Elevata permeabilit\u00e0 di 1.600 L\/h\/m\u00b2 Uso consigliato: Giardinaggio, decorazione e paesaggistica Resistenza: Trattamento antimuffa Formato del rotolo: 2 m x 25 m Base: Doppio backing con lattice per\u2026","rel":"","context":"Articolo simile","block_context":{"text":"Articolo simile","link":""},"img":{"alt_text":"","src":"https:\/\/i0.wp.com\/www.pro.blainebox.es\/wp-content\/uploads\/2025\/06\/UNIGRASS-25-INFO.jpg?fit=1080%2C1080&ssl=1&resize=350%2C200","width":350,"height":200,"srcset":"https:\/\/i0.wp.com\/www.pro.blainebox.es\/wp-content\/uploads\/2025\/06\/UNIGRASS-25-INFO.jpg?fit=1080%2C1080&ssl=1&resize=350%2C200 1x, https:\/\/i0.wp.com\/www.pro.blainebox.es\/wp-content\/uploads\/2025\/06\/UNIGRASS-25-INFO.jpg?fit=1080%2C1080&ssl=1&resize=525%2C300 1.5x, https:\/\/i0.wp.com\/www.pro.blainebox.es\/wp-content\/uploads\/2025\/06\/UNIGRASS-25-INFO.jpg?fit=1080%2C1080&ssl=1&resize=700%2C400 2x, https:\/\/i0.wp.com\/www.pro.blainebox.es\/wp-content\/uploads\/2025\/06\/UNIGRASS-25-INFO.jpg?fit=1080%2C1080&ssl=1&resize=1050%2C600 3x"},"classes":[]}],"jetpack_sharing_enabled":true,"_links":{"self":[{"href":"https:\/\/www.pro.blainebox.es\/it\/wp-json\/wp\/v2\/product\/45145","targetHints":{"allow":["GET"]}}],"collection":[{"href":"https:\/\/www.pro.blainebox.es\/it\/wp-json\/wp\/v2\/product"}],"about":[{"href":"https:\/\/www.pro.blainebox.es\/it\/wp-json\/wp\/v2\/types\/product"}],"wp:featuredmedia":[{"embeddable":true,"href":"https:\/\/www.pro.blainebox.es\/it\/wp-json\/wp\/v2\/media\/20060"}],"wp:attachment":[{"href":"https:\/\/www.pro.blainebox.es\/it\/wp-json\/wp\/v2\/media?parent=45145"}],"wp:term":[{"taxonomy":"product_brand","embeddable":true,"href":"https:\/\/www.pro.blainebox.es\/it\/wp-json\/wp\/v2\/product_brand?post=45145"},{"taxonomy":"product_cat","embeddable":true,"href":"https:\/\/www.pro.blainebox.es\/it\/wp-json\/wp\/v2\/product_cat?post=45145"},{"taxonomy":"product_tag","embeddable":true,"href":"https:\/\/www.pro.blainebox.es\/it\/wp-json\/wp\/v2\/product_tag?post=45145"}],"curies":[{"name":"wp","href":"https:\/\/api.w.org\/{rel}","templated":true}]}}